{"id":1468,"date":"2025-12-24T06:32:38","date_gmt":"2025-12-24T06:32:38","guid":{"rendered":"https:\/\/theluckycapone.com\/login-and-registration\/"},"modified":"2025-12-24T12:04:38","modified_gmt":"2025-12-24T12:04:38","slug":"accesso-e-registrazione","status":"publish","type":"page","link":"https:\/\/theluckycapone.com\/it\/accesso-e-registrazione\/","title":{"rendered":"Accesso e registrazione"},"content":{"rendered":"<h1>Registrazione e Accesso a Luckycapone<\/h1>\n<p>Ci vogliono solo pochi minuti per iniziare su Luckycapone. Il processo di Luckycapone login \u00e8 semplice, quindi puoi raggiungere il tuo account e iniziare a giocare subito. Crea un account o accedi a uno esistente per accedere a un catalogo completo di giochi e opzioni di pagamento flessibili.<\/p>\n<p><div class=\"banner-wrap\" aria-label=\"Banner\"><img src=\"https:\/\/theluckycapone.com\/wp-content\/uploads\/2025\/12\/Luckycapone-banner.webp\" class=\"w-100 d-none d-lg-block img-pc main-banner-img\" alt=\"Luckycapone banner\" fetchpriority=\"high\" decoding=\"async\"><img src=\"https:\/\/theluckycapone.com\/wp-content\/uploads\/2025\/12\/Mobile-banner.webp\" class=\"w-100 d-none d-md-block d-lg-none main-banner-img\" alt=\"Luckycapone Mobile banner\" fetchpriority=\"high\" decoding=\"async\"><img src=\"https:\/\/theluckycapone.com\/wp-content\/uploads\/2025\/12\/Mobile-banner.webp\" class=\"w-100 d-md-none\" alt=\"Luckycapone Mobile banner\" fetchpriority=\"high\" decoding=\"async\"><div class=\"banner-description\">\n<div class=\"banner-title\">Bonus di benvenuto<\/div>\n<p class=\"banner-header-title\">1500 \u20ac<\/p>\n<div class=\"banner-header-AdditionalText\">+ 250 Giri gratuiti<\/div>\n<button data-item=\"homepage_banner_link\" class=\"goto m-button m-gradient-border m-button--primary m-button--large banner-button btn-orange\">\n            <div class=\"m-button-content\">\n                <span>Iscriviti ora<\/span>\n                <span><\/span>\n            <\/div>\n        <\/button>\n<\/div>\n<div class=\"WelcomePack\">\n<p><img loading=\"lazy\" decoding=\"async\" class=\"alignnone size-full wp-image-1342\" src=\"https:\/\/theluckycapone.com\/wp-content\/uploads\/2025\/12\/welcome-crown.svg\" alt=\"crown\" width=\"25\" height=\"26\" \/><\/p>\n<div class=\"WelcomePack-Info\">Cashback settimanale fino al 25%<\/div>\n<p><img loading=\"lazy\" decoding=\"async\" class=\"alignnone size-full wp-image-1342\" src=\"https:\/\/theluckycapone.com\/wp-content\/uploads\/2025\/12\/welcome-crown.svg\" alt=\"crown\" width=\"25\" height=\"26\" \/><\/p>\n<\/div>\n<\/div><div class=\"scrollable-content-wrap my-5\"><div class=\"scrollable-content-inner\"><h2>Registrati al Casino Luckycapone<\/h2>\n<p>Quando crei un account su Luckycapone, ottieni l&#8217;accesso a tutte le funzionalit\u00e0 della piattaforma. Con la registrazione, accedi a giochi e bonus, puoi effettuare acquisti in sicurezza e ricevere aiuto nella gestione del tuo account. Ci sono due semplici passaggi che proteggono le tue informazioni e ti preparano per giocare.<\/p>\n<h3>Istruzioni per la Configurazione del Profilo<\/h3>\n<p>Il processo di registrazione su Lucky Capone si compone di due fasi:<\/p>\n<p>Fase 1: Creazione Account di Base<\/p>\n<ol>\n<li>Inserisci una password sicura e il tuo indirizzo email.<\/li>\n<li>Leggi i Termini e Condizioni, spunta la casella per indicare il tuo accordo e clicca il pulsante Registrati.<\/li>\n<\/ol>\n<p>Questo crea il tuo profilo di base.<\/p>\n<p>Fase 2: Completa il Tuo Profilo<\/p>\n<p>Non appena ti registri, si apre immediatamente una seconda finestra.<\/p>\n<ol>\n<li>Inserisci il tuo numero di telefono, nome, cognome e data di nascita.<\/li>\n<li>Per finire la configurazione del profilo, clicca su Salva.<\/li>\n<\/ol>\n<p>Ora puoi iniziare a utilizzare il tuo account.<\/p>\n<table>\n<tbody>\n<tr>\n<td>Campo di registrazione<\/td>\n<td>Scopo<\/td>\n<\/tr>\n<tr>\n<td>E-mail e password<\/td>\n<td>Accesso all&#8217;account e sicurezza<\/td>\n<\/tr>\n<tr>\n<td>Dati personali<\/td>\n<td>Verifica dell&#8217;identit\u00e0 e conformit\u00e0<\/td>\n<\/tr>\n<tr>\n<td>Numero di telefono<\/td>\n<td>Recupero dell&#8217;account e notifiche<\/td>\n<\/tr>\n<\/tbody>\n<\/table>\n<p>Entrambe le fasi richiedono meno di tre minuti in totale. Conserva le tue informazioni di accesso in sicurezza e assicurati che il tuo indirizzo email sia attivo, perch\u00e9 riceverai l\u00ec importanti notifiche sull&#8217;account.<\/p>\n<h2>Perch\u00e9 Dovresti Creare un Account<\/h2>\n<p>Ci sono numerosi vantaggi nell&#8217;avere un account registrato al casino Luckycapone che non avresti dalla semplice navigazione. Puoi ottenere offerte e bonus speciali accessibili solo ai membri. La tua cronologia di gioco rimane ordinata, cos\u00ec puoi tracciare facilmente la tua attivit\u00e0 e gestire il tuo denaro.<\/p>\n<p>Le persone con account possono aggiungere e prelevare denaro utilizzando una variet\u00e0 di sistemi di pagamento sicuri. La piattaforma ricorda come preferisci pagare, il che rende le transazioni future pi\u00f9 veloci. Puoi anche accedere a canali di supporto multilingue riservati agli utenti registrati.<\/p>\n<p>Puoi personalizzare la tua esperienza con impostazioni personali. Imposta i tuoi limiti di deposito, preferenze sulla privacy e notifiche. Tutte queste informazioni sono mostrate in un unico posto sulla dashboard del tuo account.<\/p>\n<p>I giocatori fedeli possono ottenere vantaggi ancora migliori attraverso livelli VIP e programmi fedelt\u00e0. Se continui a giocare, questi benefici miglioreranno, offrendoti pi\u00f9 bonus e funzionalit\u00e0 speciali riservate a te.<\/p>\n<h2>Processo di Verifica e Perch\u00e9 \u00e8 Importante<\/h2>\n<p>La verifica dell&#8217;account \u00e8 un modo per mantenere sia te che la piattaforma al sicuro. Questa misura di sicurezza standard previene le frodi e garantisce il rispetto delle normative. Il processo coinvolge tipicamente la presentazione di documenti di identificazione.<\/p>\n<p>Il processo di verifica ti permette di utilizzare tutte le funzionalit\u00e0. Gli account non verificati non possono utilizzare alcune funzioni e non possono prelevare denaro. Puoi evitare ritardi quando desideri incassare le tue vincite se completi il processo di verifica in anticipo.<\/p>\n<p>La piattaforma rivede rapidamente i documenti, generalmente in 24-48 ore. Al termine della verifica, riceverai un&#8217;email. Per semplificare questo processo, tieni pronte copie digitali del tuo documento d&#8217;identit\u00e0, di un documento che confermi il tuo indirizzo e delle informazioni di pagamento.<\/p>\n<p>Gli account verificati hanno limiti di transazione pi\u00f9 alti e un&#8217;elaborazione dei prelievi pi\u00f9 rapida. Devi eseguire questo passaggio solo una volta, a meno che non ci siano cambiamenti significativi nelle tue informazioni.<\/p>\n<h2>Accedi al Casino Lucky Capone<\/h2>\n<p>\u00c8 facile accedere al tuo account dopo esserti registrato. Vai sul sito web di Luckycapone. Il pulsante &#8220;Accedi&#8221; si trova in alto a destra. Inserisci l&#8217;indirizzo email registrato e la password, poi clicca per accedere al tuo account.<\/p>\n<h3>Caratteristiche del Tuo Account<\/h3>\n<p>La tua dashboard mostra il saldo disponibile, le transazioni recenti e i bonus ancora attivi. Usa il menu principale per accedere a diversi tipi di giochi. Clicca sul tuo nome utente per accedere alle impostazioni del profilo.<\/p>\n<p>Nelle tue impostazioni, definisci i limiti per un gioco responsabile. Nella scheda Promozioni, puoi vedere lo stato dei tuoi bonus e i requisiti di scommessa (wager).<\/p>\n<p>Se necessario, modifica le tue informazioni personali nelle impostazioni del profilo. Per sicurezza, cambia la tua password regolarmente. Se possibile, attiva l&#8217;autenticazione a due fattori per una sicurezza extra.<\/p>\n<h2>FAQ<\/h2>\n<h3>Quanto tempo ci vuole per registrare un account su Luckycapone?<\/h3>\n<p>Ci vogliono circa due o tre minuti per registrarsi. Prima inserisci alcune informazioni di base, poi i dettagli personali vengono aggiunti nella seconda fase. Non appena completi entrambi i passaggi, il tuo account sar\u00e0 attivo.<\/p>\n<h3>Posso cambiare l&#8217;indirizzo email con cui mi sono registrato in seguito?<\/h3>\n<p>S\u00ec, dopo aver effettuato l&#8217;accesso, puoi cambiare il tuo indirizzo email nelle impostazioni. La piattaforma potrebbe richiedere una verifica aggiuntiva per confermare questo cambiamento a fini di sicurezza. Se hai bisogno di aiuto con gli aggiornamenti dell&#8217;email, contatta il team di assistenza clienti tramite chat live o email.<\/p>\n<h3>Cosa devo fare se dimentico la mia password?<\/h3>\n<p>Nella pagina di accesso, clicca sul link &#8220;Password dimenticata&#8221;. Per ricevere le istruzioni per il reset, inserisci l&#8217;indirizzo email che hai usato per registrarti. Per creare una nuova password e rientrare nel tuo account, segui il link nell&#8217;email che riceverai.<\/p>\n<\/div><\/div><\/p>\n","protected":false},"excerpt":{"rendered":"<p>Registrazione e Accesso a Luckycapone Ci vogliono solo pochi minuti per iniziare su Luckycapone. Il processo di Luckycapone login \u00e8 semplice, quindi puoi raggiungere il tuo account e iniziare a giocare subito. Crea un account o accedi a uno esistente per accedere a un catalogo completo di giochi e opzioni di pagamento flessibili.<\/p>\n","protected":false},"author":1,"featured_media":0,"parent":0,"menu_order":0,"comment_status":"closed","ping_status":"closed","template":"template-builder.php","meta":{"_acf_changed":false,"inline_featured_image":false,"footnotes":""},"class_list":["post-1468","page","type-page","status-publish","hentry"],"acf":[],"yoast_head":"<!-- This site is optimized with the Yoast SEO plugin v27.3 - https:\/\/yoast.com\/product\/yoast-seo-wordpress\/ -->\n<title>Luckycapone Login | Accesso e registrazione sicuri dell&#039;account<\/title>\n<meta name=\"description\" content=\"Lucky Capone login ti consente di accedere in modo rapido e sicuro al tuo account personale del casin\u00f2. Crea un nuovo profilo in pochi secondi o accedi per visualizzare bonus, saldi e cronologia delle transazioni.\" \/>\n<meta name=\"robots\" content=\"index, follow, max-snippet:-1, max-image-preview:large, max-video-preview:-1\" \/>\n<link rel=\"canonical\" href=\"https:\/\/theluckycapone.com\/it\/accesso-e-registrazione\/\" \/>\n<meta property=\"og:locale\" content=\"it_IT\" \/>\n<meta property=\"og:type\" content=\"article\" \/>\n<meta property=\"og:title\" content=\"Luckycapone Login | Accesso e registrazione sicuri dell&#039;account\" \/>\n<meta property=\"og:description\" content=\"Lucky Capone login ti consente di accedere in modo rapido e sicuro al tuo account personale del casin\u00f2. Crea un nuovo profilo in pochi secondi o accedi per visualizzare bonus, saldi e cronologia delle transazioni.\" \/>\n<meta property=\"og:url\" content=\"https:\/\/theluckycapone.com\/it\/accesso-e-registrazione\/\" \/>\n<meta property=\"og:site_name\" content=\"luckycapone\" \/>\n<meta property=\"article:modified_time\" content=\"2025-12-24T12:04:38+00:00\" \/>\n<meta name=\"twitter:card\" content=\"summary_large_image\" \/>\n<meta name=\"twitter:label1\" content=\"Est. reading time\" \/>\n\t<meta name=\"twitter:data1\" content=\"1 minuto\" \/>\n<script type=\"application\/ld+json\" class=\"yoast-schema-graph\">{\"@context\":\"https:\\\/\\\/schema.org\",\"@graph\":[{\"@type\":\"WebPage\",\"@id\":\"https:\\\/\\\/theluckycapone.com\\\/it\\\/accesso-e-registrazione\\\/\",\"url\":\"https:\\\/\\\/theluckycapone.com\\\/it\\\/accesso-e-registrazione\\\/\",\"name\":\"Luckycapone Login | Accesso e registrazione sicuri dell'account\",\"isPartOf\":{\"@id\":\"https:\\\/\\\/theluckycapone.com\\\/it\\\/#website\"},\"datePublished\":\"2025-12-24T06:32:38+00:00\",\"dateModified\":\"2025-12-24T12:04:38+00:00\",\"description\":\"Lucky Capone login ti consente di accedere in modo rapido e sicuro al tuo account personale del casin\u00f2. Crea un nuovo profilo in pochi secondi o accedi per visualizzare bonus, saldi e cronologia delle transazioni.\",\"breadcrumb\":{\"@id\":\"https:\\\/\\\/theluckycapone.com\\\/it\\\/accesso-e-registrazione\\\/#breadcrumb\"},\"inLanguage\":\"it-IT\",\"potentialAction\":[{\"@type\":\"ReadAction\",\"target\":[\"https:\\\/\\\/theluckycapone.com\\\/it\\\/accesso-e-registrazione\\\/\"]}]},{\"@type\":\"BreadcrumbList\",\"@id\":\"https:\\\/\\\/theluckycapone.com\\\/it\\\/accesso-e-registrazione\\\/#breadcrumb\",\"itemListElement\":[{\"@type\":\"ListItem\",\"position\":1,\"name\":\"Luckycapone\",\"item\":\"https:\\\/\\\/theluckycapone.com\\\/it\\\/\"},{\"@type\":\"ListItem\",\"position\":2,\"name\":\"Accesso e registrazione\"}]},{\"@type\":\"WebSite\",\"@id\":\"https:\\\/\\\/theluckycapone.com\\\/it\\\/#website\",\"url\":\"https:\\\/\\\/theluckycapone.com\\\/it\\\/\",\"name\":\"Luckycapone\",\"description\":\"\",\"publisher\":{\"@id\":\"https:\\\/\\\/theluckycapone.com\\\/it\\\/#organization\"},\"potentialAction\":[{\"@type\":\"SearchAction\",\"target\":{\"@type\":\"EntryPoint\",\"urlTemplate\":\"https:\\\/\\\/theluckycapone.com\\\/it\\\/?s={search_term_string}\"},\"query-input\":{\"@type\":\"PropertyValueSpecification\",\"valueRequired\":true,\"valueName\":\"search_term_string\"}}],\"inLanguage\":\"it-IT\"},{\"@type\":\"Organization\",\"@id\":\"https:\\\/\\\/theluckycapone.com\\\/it\\\/#organization\",\"name\":\"Luckycapone\",\"url\":\"https:\\\/\\\/theluckycapone.com\\\/it\\\/\",\"logo\":{\"@type\":\"ImageObject\",\"inLanguage\":\"it-IT\",\"@id\":\"https:\\\/\\\/theluckycapone.com\\\/it\\\/#\\\/schema\\\/logo\\\/image\\\/\",\"url\":\"https:\\\/\\\/theluckycapone.com\\\/wp-content\\\/uploads\\\/2025\\\/12\\\/logo-luckycapone.svg\",\"contentUrl\":\"https:\\\/\\\/theluckycapone.com\\\/wp-content\\\/uploads\\\/2025\\\/12\\\/logo-luckycapone.svg\",\"width\":70,\"height\":24,\"caption\":\"Luckycapone\"},\"image\":{\"@id\":\"https:\\\/\\\/theluckycapone.com\\\/it\\\/#\\\/schema\\\/logo\\\/image\\\/\"}}]}<\/script>\n<!-- \/ Yoast SEO plugin. -->","yoast_head_json":{"title":"Luckycapone Login | Accesso e registrazione sicuri dell'account","description":"Lucky Capone login ti consente di accedere in modo rapido e sicuro al tuo account personale del casin\u00f2. Crea un nuovo profilo in pochi secondi o accedi per visualizzare bonus, saldi e cronologia delle transazioni.","robots":{"index":"index","follow":"follow","max-snippet":"max-snippet:-1","max-image-preview":"max-image-preview:large","max-video-preview":"max-video-preview:-1"},"canonical":"https:\/\/theluckycapone.com\/it\/accesso-e-registrazione\/","og_locale":"it_IT","og_type":"article","og_title":"Luckycapone Login | Accesso e registrazione sicuri dell'account","og_description":"Lucky Capone login ti consente di accedere in modo rapido e sicuro al tuo account personale del casin\u00f2. Crea un nuovo profilo in pochi secondi o accedi per visualizzare bonus, saldi e cronologia delle transazioni.","og_url":"https:\/\/theluckycapone.com\/it\/accesso-e-registrazione\/","og_site_name":"luckycapone","article_modified_time":"2025-12-24T12:04:38+00:00","twitter_card":"summary_large_image","twitter_misc":{"Est. reading time":"1 minuto"},"schema":{"@context":"https:\/\/schema.org","@graph":[{"@type":"WebPage","@id":"https:\/\/theluckycapone.com\/it\/accesso-e-registrazione\/","url":"https:\/\/theluckycapone.com\/it\/accesso-e-registrazione\/","name":"Luckycapone Login | Accesso e registrazione sicuri dell'account","isPartOf":{"@id":"https:\/\/theluckycapone.com\/it\/#website"},"datePublished":"2025-12-24T06:32:38+00:00","dateModified":"2025-12-24T12:04:38+00:00","description":"Lucky Capone login ti consente di accedere in modo rapido e sicuro al tuo account personale del casin\u00f2. Crea un nuovo profilo in pochi secondi o accedi per visualizzare bonus, saldi e cronologia delle transazioni.","breadcrumb":{"@id":"https:\/\/theluckycapone.com\/it\/accesso-e-registrazione\/#breadcrumb"},"inLanguage":"it-IT","potentialAction":[{"@type":"ReadAction","target":["https:\/\/theluckycapone.com\/it\/accesso-e-registrazione\/"]}]},{"@type":"BreadcrumbList","@id":"https:\/\/theluckycapone.com\/it\/accesso-e-registrazione\/#breadcrumb","itemListElement":[{"@type":"ListItem","position":1,"name":"Luckycapone","item":"https:\/\/theluckycapone.com\/it\/"},{"@type":"ListItem","position":2,"name":"Accesso e registrazione"}]},{"@type":"WebSite","@id":"https:\/\/theluckycapone.com\/it\/#website","url":"https:\/\/theluckycapone.com\/it\/","name":"Luckycapone","description":"","publisher":{"@id":"https:\/\/theluckycapone.com\/it\/#organization"},"potentialAction":[{"@type":"SearchAction","target":{"@type":"EntryPoint","urlTemplate":"https:\/\/theluckycapone.com\/it\/?s={search_term_string}"},"query-input":{"@type":"PropertyValueSpecification","valueRequired":true,"valueName":"search_term_string"}}],"inLanguage":"it-IT"},{"@type":"Organization","@id":"https:\/\/theluckycapone.com\/it\/#organization","name":"Luckycapone","url":"https:\/\/theluckycapone.com\/it\/","logo":{"@type":"ImageObject","inLanguage":"it-IT","@id":"https:\/\/theluckycapone.com\/it\/#\/schema\/logo\/image\/","url":"https:\/\/theluckycapone.com\/wp-content\/uploads\/2025\/12\/logo-luckycapone.svg","contentUrl":"https:\/\/theluckycapone.com\/wp-content\/uploads\/2025\/12\/logo-luckycapone.svg","width":70,"height":24,"caption":"Luckycapone"},"image":{"@id":"https:\/\/theluckycapone.com\/it\/#\/schema\/logo\/image\/"}}]}},"_links":{"self":[{"href":"https:\/\/theluckycapone.com\/it\/wp-json\/wp\/v2\/pages\/1468","targetHints":{"allow":["GET"]}}],"collection":[{"href":"https:\/\/theluckycapone.com\/it\/wp-json\/wp\/v2\/pages"}],"about":[{"href":"https:\/\/theluckycapone.com\/it\/wp-json\/wp\/v2\/types\/page"}],"author":[{"embeddable":true,"href":"https:\/\/theluckycapone.com\/it\/wp-json\/wp\/v2\/users\/1"}],"replies":[{"embeddable":true,"href":"https:\/\/theluckycapone.com\/it\/wp-json\/wp\/v2\/comments?post=1468"}],"version-history":[{"count":1,"href":"https:\/\/theluckycapone.com\/it\/wp-json\/wp\/v2\/pages\/1468\/revisions"}],"predecessor-version":[{"id":1758,"href":"https:\/\/theluckycapone.com\/it\/wp-json\/wp\/v2\/pages\/1468\/revisions\/1758"}],"wp:attachment":[{"href":"https:\/\/theluckycapone.com\/it\/wp-json\/wp\/v2\/media?parent=1468"}],"curies":[{"name":"wp","href":"https:\/\/api.w.org\/{rel}","templated":true}]}}