{"id":1423,"date":"2025-12-24T06:30:13","date_gmt":"2025-12-24T06:30:13","guid":{"rendered":"https:\/\/theluckycapone.com\/app\/"},"modified":"2025-12-24T08:18:55","modified_gmt":"2025-12-24T08:18:55","slug":"app","status":"publish","type":"page","link":"https:\/\/theluckycapone.com\/fr\/app\/","title":{"rendered":"App"},"content":{"rendered":"<h1>Application Luckycapone pour Mobile<\/h1>\n<p>L&rsquo;app Luckycapone apporte l&rsquo;exp\u00e9rience de jeu compl\u00e8te directement sur votre t\u00e9l\u00e9phone. Vous pouvez acc\u00e9der \u00e0 toutes les fonctionnalit\u00e9s du casino via une interface simple qui fonctionne \u00e0 la fois sur les appareils Android et iOS. L&rsquo;application conserve toutes les fonctions de la version bureau tout en rendant les commandes et les mises en page plus faciles \u00e0 utiliser sur les \u00e9crans tactiles.<\/p>\n<p><div class=\"banner-wrap\" aria-label=\"Banner\"><img src=\"https:\/\/theluckycapone.com\/wp-content\/uploads\/2025\/12\/Luckycapone-banner.webp\" class=\"w-100 d-none d-lg-block img-pc main-banner-img\" alt=\"Luckycapone banner\" fetchpriority=\"high\" decoding=\"async\"><img src=\"https:\/\/theluckycapone.com\/wp-content\/uploads\/2025\/12\/Mobile-banner.webp\" class=\"w-100 d-none d-md-block d-lg-none main-banner-img\" alt=\"Luckycapone Mobile banner\" fetchpriority=\"high\" decoding=\"async\"><img src=\"https:\/\/theluckycapone.com\/wp-content\/uploads\/2025\/12\/Mobile-banner.webp\" class=\"w-100 d-md-none\" alt=\"Luckycapone Mobile banner\" fetchpriority=\"high\" decoding=\"async\"><div class=\"banner-description\">\n<div class=\"banner-title\">Bonus de bienvenue<\/div>\n<p class=\"banner-header-title\">1500 \u20ac<\/p>\n<div class=\"banner-header-AdditionalText\">+ 250 Tours gratuits<\/div>\n<button data-item=\"homepage_banner_link\" class=\"goto m-button m-gradient-border m-button--primary m-button--large banner-button btn-orange\">\n            <div class=\"m-button-content\">\n                <span>Inscrivez-vous d\u00e8s maintenant<\/span>\n                <span><\/span>\n            <\/div>\n        <\/button>\n<\/div>\n<div class=\"WelcomePack\">\n<p><img loading=\"lazy\" decoding=\"async\" class=\"alignnone size-full wp-image-1342\" src=\"https:\/\/theluckycapone.com\/wp-content\/uploads\/2025\/12\/welcome-crown.svg\" alt=\"crown\" width=\"25\" height=\"26\" \/><\/p>\n<div class=\"WelcomePack-Info\">Cashback hebdomadaire jusqu&rsquo;\u00e0 25 %<\/div>\n<p><img loading=\"lazy\" decoding=\"async\" class=\"alignnone size-full wp-image-1342\" src=\"https:\/\/theluckycapone.com\/wp-content\/uploads\/2025\/12\/welcome-crown.svg\" alt=\"crown\" width=\"25\" height=\"26\" \/><\/p>\n<\/div>\n<\/div><div class=\"scrollable-content-wrap my-5\"><div class=\"scrollable-content-inner\"><h2>Application Android pour Lucky Capone<\/h2>\n<p>Les utilisateurs Android peuvent b\u00e9n\u00e9ficier de la fonctionnalit\u00e9 compl\u00e8te des applications natives en les installant sous forme de PWA (Progressive Web Apps). L&rsquo;application fonctionne sur Android 6.0 et les versions ult\u00e9rieures, elle peut donc \u00eatre utilis\u00e9e sur la plupart des appareils fabriqu\u00e9s au cours des sept derni\u00e8res ann\u00e9es. Vous recevez des notifications push pour les offres, utilisez votre empreinte digitale pour vous connecter rapidement, et avez acc\u00e8s \u00e0 votre historique de jeu et aux param\u00e8tres de votre compte.<\/p>\n<p>Si vous avez des questions concernant le processus d&rsquo;installation ou tout autre probl\u00e8me, n&rsquo;h\u00e9sitez pas \u00e0 contacter notre \u00e9quipe d&rsquo;assistance via le live chat ou par email.<\/p>\n<h3>Comment Configurer l&rsquo;Application<\/h3>\n<ol>\n<li>Utilisez Chrome ou un autre navigateur pour vous rendre sur le site web Luckycapone.<\/li>\n<li>Cliquez sur l&rsquo;ic\u00f4ne du menu \u00e0 trois points dans le coin sup\u00e9rieur droit.<\/li>\n<li>Choisissez \u00ab\u00a0Ajouter \u00e0 l&rsquo;\u00e9cran d&rsquo;accueil\u00a0\u00bb dans la liste.<\/li>\n<li>Appuyez sur \u00ab\u00a0Ajouter\u00a0\u00bb dans la fen\u00eatre contextuelle pour confirmer.<\/li>\n<li>Maintenant, lorsque vous cliquez sur le raccourci du site web, il s&rsquo;ouvre dans une fen\u00eatre de navigateur distincte sans la barre d&rsquo;adresse, exactement comme une application.<\/li>\n<\/ol>\n<p><img loading=\"lazy\" decoding=\"async\" src=\"https:\/\/theluckycapone.com\/wp-content\/uploads\/2025\/12\/Luckycapone-iOS.webp\" alt=\"Luckycapone Android\" width=\"1248\" height=\"536\" \/><\/p>\n<\/div><\/div><div style=\"clear: both\"><\/div><div class=\"d-flex justify-content-center\"><button data-item=\"decouvrez_link\" data-group=\"website_links\" class=\"goto fw-bold rounded-pill btn btn-orange\" aria-label=\"Download the Luckycapone App\" >Download the Luckycapone App<\/button><\/div><\/p>\n<h2>Avantages de l&rsquo;Application Luckycapone<\/h2>\n<p>L&rsquo;application de casino mobile facilite le jeu sur un petit \u00e9cran sans perdre aucune des fonctionnalit\u00e9s du casino Luckycapone. Les machines \u00e0 sous fonctionnent mieux en orientation verticale, mais les jeux de table comme le blackjack et la roulette sont meilleurs en mode paysage. Au lieu d&rsquo;utiliser une souris, vous utilisez vos doigts pour toucher l&rsquo;\u00e9cran, ce qui facilite des actions comme placer des mises ou faire tourner les rouleaux.<\/p>\n<p>L&rsquo;autonomie de la batterie reste bonne m\u00eame lors de sessions de jeu prolong\u00e9es. L&rsquo;application utilise l&rsquo;acc\u00e9l\u00e9ration mat\u00e9rielle pour le rendu graphique, ce qui sollicite moins le processeur que jouer \u00e0 des jeux dans un navigateur web. Vous pouvez minimiser l&rsquo;application et revenir sans perdre votre progression ou votre connexion aux jeux en direct.<\/p>\n<p>L&rsquo;utilisation de la reconnaissance d&#8217;empreinte digitale ou faciale pour se connecter est plus rapide que de taper un mot de passe. L&rsquo;application m\u00e9morise vos choix pour les param\u00e8tres d&rsquo;affichage et les limites de mise. Les notifications push vous informent des bonus de d\u00e9p\u00f4t et de la confirmation des retraits, vous n&rsquo;avez donc pas besoin de v\u00e9rifier constamment le site web.<\/p>\n<table>\n<tbody>\n<tr>\n<td>Aspect<\/td>\n<td>Application Mobile<\/td>\n<td>Navigateur Bureau<\/td>\n<\/tr>\n<tr>\n<td>Orientation de l&rsquo;\u00e9cran<\/td>\n<td>Verticale et horizontale<\/td>\n<td>Horizontale uniquement<\/td>\n<\/tr>\n<tr>\n<td>M\u00e9thode de connexion<\/td>\n<td>Authentification biom\u00e9trique<\/td>\n<td>Saisie du mot de passe<\/td>\n<\/tr>\n<tr>\n<td>Notifications<\/td>\n<td>Alertes push<\/td>\n<td>Email uniquement<\/td>\n<\/tr>\n<tr>\n<td>Performances<\/td>\n<td>Acc\u00e9l\u00e9ration mat\u00e9rielle<\/td>\n<td>D\u00e9pend du navigateur<\/td>\n<\/tr>\n<\/tbody>\n<\/table>\n<p>L&rsquo;application utilise un chargement optimis\u00e9 des ressources pour r\u00e9duire l&rsquo;utilisation des donn\u00e9es. Les fichiers de jeu et les images sont t\u00e9l\u00e9charg\u00e9s \u00e0 une r\u00e9solution adapt\u00e9e \u00e0 votre \u00e9cran plut\u00f4t qu&rsquo;\u00e0 la meilleure qualit\u00e9 possible. Cela utilise environ 30 % de bande passante en moins que les navigateurs mobiles, qui tentent de charger le contenu en pleine r\u00e9solution.<\/p>\n<p><div class=\"scrollable-content-wrap my-5\"><div class=\"scrollable-content-inner\"><h2>T\u00e9l\u00e9charger Luckycapone pour PC<\/h2>\n<p>Les utilisateurs de bureau peuvent utiliser Luckycapone via une Application Web Progressive (PWA) qui fonctionne comme un programme natif.<\/p>\n<ol>\n<li>\u00c0 l&rsquo;aide de Chrome, Edge ou d&rsquo;un autre navigateur bas\u00e9 sur Chromium, rendez-vous sur le site officiel Luckycapone.<\/li>\n<li>Cliquez sur le bouton d&rsquo;installation dans la barre d&rsquo;adresse, g\u00e9n\u00e9ralement situ\u00e9 \u00e0 droite.<\/li>\n<li>Le navigateur vous demandera de confirmer que vous souhaitez l&rsquo;installer.<\/li>\n<li>L&rsquo;application Luckycapone appara\u00eetra sur votre bureau ou dans votre menu d&rsquo;applications une fois l&rsquo;installation termin\u00e9e.<\/li>\n<\/ol>\n<p>La PWA bureau se charge plus rapidement qu&rsquo;un navigateur web classique car elle conserve des fichiers importants sur votre ordinateur. Vous obtenez une fen\u00eatre d\u00e9di\u00e9e sans barre d&rsquo;outils du navigateur, offrant un espace de travail plus \u00e9pur\u00e9. Les mises \u00e0 jour sont effectu\u00e9es automatiquement en arri\u00e8re-plan, vous n&rsquo;avez donc rien \u00e0 t\u00e9l\u00e9charger manuellement pour garantir d&rsquo;utiliser la derni\u00e8re version.<\/p>\n<table>\n<tbody>\n<tr>\n<td>Fonctionnalit\u00e9<\/td>\n<td>PWA Bureau<\/td>\n<td>Acc\u00e8s Navigateur<\/td>\n<\/tr>\n<tr>\n<td>Vitesse de chargement<\/td>\n<td>Rapide<\/td>\n<td>Mod\u00e9r\u00e9e<\/td>\n<\/tr>\n<tr>\n<td>Interface<\/td>\n<td>Fen\u00eatre d\u00e9di\u00e9e<\/td>\n<td>Onglet du navigateur<\/td>\n<\/tr>\n<tr>\n<td>Mises \u00e0 jour<\/td>\n<td>Automatiques<\/td>\n<td>Actualisation manuelle<\/td>\n<\/tr>\n<tr>\n<td>Stockage<\/td>\n<td>Cache local<\/td>\n<td>Bas\u00e9 sur la session<\/td>\n<\/tr>\n<\/tbody>\n<\/table>\n<p><img loading=\"lazy\" decoding=\"async\" src=\"https:\/\/theluckycapone.com\/wp-content\/uploads\/2025\/12\/Luckycapone-Desktop.webp\" alt=\"Luckycapone Desktop\" width=\"1248\" height=\"536\" \/><\/p>\n<\/div><\/div><div style=\"clear: both\"><\/div><div class=\"d-flex justify-content-center\"><button data-item=\"decouvrez_link\" data-group=\"website_links\" class=\"goto fw-bold rounded-pill btn btn-orange\" aria-label=\"Download Luckycapone\" >Download Luckycapone<\/button><\/div><div class=\"scrollable-content-wrap my-5\"><div class=\"scrollable-content-inner\"><h2>Application pour iPhones et iPads<\/h2>\n<p>Les utilisateurs iOS peuvent utiliser la fonctionnalit\u00e9 \u00ab\u00a0Ajouter \u00e0 l&rsquo;\u00e9cran d&rsquo;accueil\u00a0\u00bb de Safari pour cr\u00e9er une application web progressive pour Luckycapone. Cette m\u00e9thode fonctionne sur les iPhone ayant iOS 13 ou ult\u00e9rieur et sur tous les iPad \u00e0 partir de 2017. Vous n&rsquo;avez pas besoin d&rsquo;avoir un compte App Store ni d&rsquo;autorisations suppl\u00e9mentaires pour l&rsquo;installer, et cela prend moins d&rsquo;une minute.<\/p>\n<h3>Configuration de l&rsquo;Application iOS<\/h3>\n<ol>\n<li>Ouvrez Safari et rendez-vous sur le site web Luckycapone.<\/li>\n<li>En bas de l&rsquo;\u00e9cran, appuyez sur le bouton qui ressemble \u00e0 un carr\u00e9 avec une fl\u00e8che vers le haut.<\/li>\n<li>Acc\u00e9dez au menu des options et choisissez \u00ab\u00a0Ajouter \u00e0 l&rsquo;\u00e9cran d&rsquo;accueil\u00a0\u00bb.<\/li>\n<li>Vous pouvez saisir un nom diff\u00e9rent ou conserver le nom par d\u00e9faut, \u00ab\u00a0Luckycapone\u00a0\u00bb.<\/li>\n<li>Pour confirmer, appuyez sur \u00ab\u00a0Ajouter\u00a0\u00bb dans le coin sup\u00e9rieur droit.<\/li>\n<\/ol>\n<p>L&rsquo;ic\u00f4ne Lucky Capone appara\u00eet \u00e0 c\u00f4t\u00e9 de vos autres applications sur votre \u00e9cran d&rsquo;accueil. Lorsque vous la touchez, le site s&rsquo;ouvre en mode autonome, masquant la barre d&rsquo;adresse et les boutons de navigation de Safari. Cela offre aux utilisateurs une exp\u00e9rience semblable \u00e0 celle d&rsquo;une application tout en conservant toutes les fonctionnalit\u00e9s d&rsquo;un site web. Lorsque vous ouvrez l&rsquo;application tout en \u00e9tant connect\u00e9 \u00e0 Internet, iOS met automatiquement \u00e0 jour les fichiers mis en cache.<\/p>\n<p>Pour les utilisateurs d&rsquo;iPad, la disposition paysage affiche les jeux dans toute leur splendeur avec tr\u00e8s peu d&rsquo;\u00e9l\u00e9ments d&rsquo;interface. Le mode portrait est pratique pour parcourir les cat\u00e9gories de jeux et modifier les param\u00e8tres du compte. Le multit\u00e2che en mode \u00e9cran partag\u00e9 vous permet de faire plusieurs choses \u00e0 la fois. Vous pouvez garder Luckycapone ouvert tout en v\u00e9rifiant vos emails ou en utilisant d&rsquo;autres applications.<\/p>\n<p><img loading=\"lazy\" decoding=\"async\" src=\"https:\/\/theluckycapone.com\/wp-content\/uploads\/2025\/12\/Luckycapone-Android.webp\" alt=\"Luckycapone iOS\" width=\"1248\" height=\"536\" \/><\/p>\n<\/div><\/div><div style=\"clear: both\"><\/div><div class=\"d-flex justify-content-center\"><button data-item=\"decouvrez_link\" data-group=\"website_links\" class=\"goto fw-bold rounded-pill btn btn-orange\" aria-label=\"Download the Luckycapone App\" >Download the Luckycapone App<\/button><\/div><div class=\"scrollable-content-wrap my-5\"><div class=\"scrollable-content-inner\"><h2>Foire Aux Questions<\/h2>\n<h3>Est-ce que Lucky Capone propose des modes hors ligne ou n\u00e9cessite un acc\u00e8s Internet ?<\/h3>\n<p>Pour toutes les activit\u00e9s de jeu et transactions avec de l&rsquo;argent r\u00e9el, l&rsquo;application doit \u00eatre connect\u00e9e \u00e0 Internet. Lorsque vous n&rsquo;\u00eates pas connect\u00e9 \u00e0 Internet, vous ne pouvez que consulter votre historique de compte, v\u00e9rifier l&rsquo;\u00e9tat de votre v\u00e9rification, et relire les r\u00e8gles des jeux d\u00e9j\u00e0 mises en cache. Vous pouvez utiliser les donn\u00e9es mobiles ou le WiFi, mais pour la meilleure exp\u00e9rience de jeu, assurez-vous que votre connexion est d&rsquo;au moins 3 Mbps. Les jeux de croupier en direct n\u00e9cessitent des connexions plus rapides, id\u00e9alement 5 Mbps ou plus, pour \u00e9viter la mise en m\u00e9moire tampon vid\u00e9o.<\/p>\n<h3>Puis-je utiliser mon compte \u00e0 la fois sur mobile et sur ordinateur ?<\/h3>\n<p>Vous pouvez utiliser votre compte Lucky Capone sur n&rsquo;importe quel appareil sans avoir \u00e0 vous r\u00e9inscrire. Vous pouvez vous connecter sur votre t\u00e9l\u00e9phone, ordinateur ou tablette en utilisant le m\u00eame nom d&rsquo;utilisateur et mot de passe. Quel que soit l&rsquo;appareil que vous utilisez, votre solde de compte, votre progression des bonus et votre historique de jeu seront synchronis\u00e9s automatiquement. Vous pouvez commencer \u00e0 jouer \u00e0 un jeu sur votre t\u00e9l\u00e9phone, puis reprendre exactement l\u00e0 o\u00f9 vous vous \u00eates arr\u00eat\u00e9 plus tard sur votre ordinateur de bureau, sans aucune modification apport\u00e9e \u00e0 votre compte.<\/p>\n<h3>Peut-on jouer \u00e0 tous les jeux sur l&rsquo;application mobile, ou seulement \u00e0 certains ?<\/h3>\n<p>L&rsquo;application mobile vous permet d&rsquo;acc\u00e9der \u00e0 tous les jeux pr\u00e9sents dans la version bureau. Cela inclut les machines \u00e0 sous en ligne, les jeux de table, les croupiers en direct et les titres sp\u00e9ciaux. Certains jeux plus anciens peuvent avoir un aspect diff\u00e9rent sur les \u00e9crans mobiles en raison d&rsquo;adaptations de mise en page, mais ils fonctionnent de la m\u00eame mani\u00e8re. Les nouveaux jeux sortent simultan\u00e9ment sur mobile et bureau, les deux plates-formes sont donc \u00e9quivalentes.<\/p>\n<\/div><\/div><\/p>\n","protected":false},"excerpt":{"rendered":"<p>Application Luckycapone pour Mobile L&rsquo;app Luckycapone apporte l&rsquo;exp\u00e9rience de jeu compl\u00e8te directement sur votre t\u00e9l\u00e9phone. Vous pouvez acc\u00e9der \u00e0 toutes les fonctionnalit\u00e9s du casino via une interface simple qui fonctionne \u00e0 la fois sur les appareils Android et iOS. L&rsquo;application conserve toutes les fonctions de la version bureau tout en rendant les commandes et les [&hellip;]<\/p>\n","protected":false},"author":1,"featured_media":0,"parent":0,"menu_order":0,"comment_status":"closed","ping_status":"closed","template":"template-builder.php","meta":{"_acf_changed":false,"inline_featured_image":false,"footnotes":""},"class_list":["post-1423","page","type-page","status-publish","hentry"],"acf":[],"yoast_head":"<!-- This site is optimized with the Yoast SEO plugin v27.3 - https:\/\/yoast.com\/product\/yoast-seo-wordpress\/ -->\n<title>Luckycapone App | Casino mobile Android et iOS<\/title>\n<meta name=\"description\" content=\"Emportez partout avec vous officielle Lucky Capone app pour iOS, Android, Windows et macOS. Acc\u00e9dez instantan\u00e9ment aux machines \u00e0 sous, aux jackpots et aux jeux avec croupiers en direct, le tout avec une fluidit\u00e9 optimale.\" \/>\n<meta name=\"robots\" content=\"index, follow, max-snippet:-1, max-image-preview:large, max-video-preview:-1\" \/>\n<link rel=\"canonical\" href=\"https:\/\/theluckycapone.com\/fr\/app\/\" \/>\n<meta property=\"og:locale\" content=\"fr_FR\" \/>\n<meta property=\"og:type\" content=\"article\" \/>\n<meta property=\"og:title\" content=\"Luckycapone App | Casino mobile Android et iOS\" \/>\n<meta property=\"og:description\" content=\"Emportez partout avec vous officielle Lucky Capone app pour iOS, Android, Windows et macOS. Acc\u00e9dez instantan\u00e9ment aux machines \u00e0 sous, aux jackpots et aux jeux avec croupiers en direct, le tout avec une fluidit\u00e9 optimale.\" \/>\n<meta property=\"og:url\" content=\"https:\/\/theluckycapone.com\/fr\/app\/\" \/>\n<meta property=\"og:site_name\" content=\"luckycapone\" \/>\n<meta property=\"article:modified_time\" content=\"2025-12-24T08:18:55+00:00\" \/>\n<meta name=\"twitter:card\" content=\"summary_large_image\" \/>\n<meta name=\"twitter:label1\" content=\"Dur\u00e9e de lecture estim\u00e9e\" \/>\n\t<meta name=\"twitter:data1\" content=\"2 minutes\" \/>\n<script type=\"application\/ld+json\" class=\"yoast-schema-graph\">{\"@context\":\"https:\\\/\\\/schema.org\",\"@graph\":[{\"@type\":\"WebPage\",\"@id\":\"https:\\\/\\\/theluckycapone.com\\\/fr\\\/app\\\/\",\"url\":\"https:\\\/\\\/theluckycapone.com\\\/fr\\\/app\\\/\",\"name\":\"Luckycapone App | Casino mobile Android et iOS\",\"isPartOf\":{\"@id\":\"https:\\\/\\\/theluckycapone.com\\\/fr\\\/#website\"},\"datePublished\":\"2025-12-24T06:30:13+00:00\",\"dateModified\":\"2025-12-24T08:18:55+00:00\",\"description\":\"Emportez partout avec vous officielle Lucky Capone app pour iOS, Android, Windows et macOS. Acc\u00e9dez instantan\u00e9ment aux machines \u00e0 sous, aux jackpots et aux jeux avec croupiers en direct, le tout avec une fluidit\u00e9 optimale.\",\"breadcrumb\":{\"@id\":\"https:\\\/\\\/theluckycapone.com\\\/fr\\\/app\\\/#breadcrumb\"},\"inLanguage\":\"fr-FR\",\"potentialAction\":[{\"@type\":\"ReadAction\",\"target\":[\"https:\\\/\\\/theluckycapone.com\\\/fr\\\/app\\\/\"]}]},{\"@type\":\"BreadcrumbList\",\"@id\":\"https:\\\/\\\/theluckycapone.com\\\/fr\\\/app\\\/#breadcrumb\",\"itemListElement\":[{\"@type\":\"ListItem\",\"position\":1,\"name\":\"Luckycapone\",\"item\":\"https:\\\/\\\/theluckycapone.com\\\/fr\\\/\"},{\"@type\":\"ListItem\",\"position\":2,\"name\":\"App\"}]},{\"@type\":\"WebSite\",\"@id\":\"https:\\\/\\\/theluckycapone.com\\\/fr\\\/#website\",\"url\":\"https:\\\/\\\/theluckycapone.com\\\/fr\\\/\",\"name\":\"Luckycapone\",\"description\":\"\",\"publisher\":{\"@id\":\"https:\\\/\\\/theluckycapone.com\\\/fr\\\/#organization\"},\"potentialAction\":[{\"@type\":\"SearchAction\",\"target\":{\"@type\":\"EntryPoint\",\"urlTemplate\":\"https:\\\/\\\/theluckycapone.com\\\/fr\\\/?s={search_term_string}\"},\"query-input\":{\"@type\":\"PropertyValueSpecification\",\"valueRequired\":true,\"valueName\":\"search_term_string\"}}],\"inLanguage\":\"fr-FR\"},{\"@type\":\"Organization\",\"@id\":\"https:\\\/\\\/theluckycapone.com\\\/fr\\\/#organization\",\"name\":\"Luckycapone\",\"url\":\"https:\\\/\\\/theluckycapone.com\\\/fr\\\/\",\"logo\":{\"@type\":\"ImageObject\",\"inLanguage\":\"fr-FR\",\"@id\":\"https:\\\/\\\/theluckycapone.com\\\/fr\\\/#\\\/schema\\\/logo\\\/image\\\/\",\"url\":\"https:\\\/\\\/theluckycapone.com\\\/wp-content\\\/uploads\\\/2025\\\/12\\\/logo-luckycapone.svg\",\"contentUrl\":\"https:\\\/\\\/theluckycapone.com\\\/wp-content\\\/uploads\\\/2025\\\/12\\\/logo-luckycapone.svg\",\"width\":70,\"height\":24,\"caption\":\"Luckycapone\"},\"image\":{\"@id\":\"https:\\\/\\\/theluckycapone.com\\\/fr\\\/#\\\/schema\\\/logo\\\/image\\\/\"}}]}<\/script>\n<!-- \/ Yoast SEO plugin. -->","yoast_head_json":{"title":"Luckycapone App | Casino mobile Android et iOS","description":"Emportez partout avec vous officielle Lucky Capone app pour iOS, Android, Windows et macOS. Acc\u00e9dez instantan\u00e9ment aux machines \u00e0 sous, aux jackpots et aux jeux avec croupiers en direct, le tout avec une fluidit\u00e9 optimale.","robots":{"index":"index","follow":"follow","max-snippet":"max-snippet:-1","max-image-preview":"max-image-preview:large","max-video-preview":"max-video-preview:-1"},"canonical":"https:\/\/theluckycapone.com\/fr\/app\/","og_locale":"fr_FR","og_type":"article","og_title":"Luckycapone App | Casino mobile Android et iOS","og_description":"Emportez partout avec vous officielle Lucky Capone app pour iOS, Android, Windows et macOS. Acc\u00e9dez instantan\u00e9ment aux machines \u00e0 sous, aux jackpots et aux jeux avec croupiers en direct, le tout avec une fluidit\u00e9 optimale.","og_url":"https:\/\/theluckycapone.com\/fr\/app\/","og_site_name":"luckycapone","article_modified_time":"2025-12-24T08:18:55+00:00","twitter_card":"summary_large_image","twitter_misc":{"Dur\u00e9e de lecture estim\u00e9e":"2 minutes"},"schema":{"@context":"https:\/\/schema.org","@graph":[{"@type":"WebPage","@id":"https:\/\/theluckycapone.com\/fr\/app\/","url":"https:\/\/theluckycapone.com\/fr\/app\/","name":"Luckycapone App | Casino mobile Android et iOS","isPartOf":{"@id":"https:\/\/theluckycapone.com\/fr\/#website"},"datePublished":"2025-12-24T06:30:13+00:00","dateModified":"2025-12-24T08:18:55+00:00","description":"Emportez partout avec vous officielle Lucky Capone app pour iOS, Android, Windows et macOS. Acc\u00e9dez instantan\u00e9ment aux machines \u00e0 sous, aux jackpots et aux jeux avec croupiers en direct, le tout avec une fluidit\u00e9 optimale.","breadcrumb":{"@id":"https:\/\/theluckycapone.com\/fr\/app\/#breadcrumb"},"inLanguage":"fr-FR","potentialAction":[{"@type":"ReadAction","target":["https:\/\/theluckycapone.com\/fr\/app\/"]}]},{"@type":"BreadcrumbList","@id":"https:\/\/theluckycapone.com\/fr\/app\/#breadcrumb","itemListElement":[{"@type":"ListItem","position":1,"name":"Luckycapone","item":"https:\/\/theluckycapone.com\/fr\/"},{"@type":"ListItem","position":2,"name":"App"}]},{"@type":"WebSite","@id":"https:\/\/theluckycapone.com\/fr\/#website","url":"https:\/\/theluckycapone.com\/fr\/","name":"Luckycapone","description":"","publisher":{"@id":"https:\/\/theluckycapone.com\/fr\/#organization"},"potentialAction":[{"@type":"SearchAction","target":{"@type":"EntryPoint","urlTemplate":"https:\/\/theluckycapone.com\/fr\/?s={search_term_string}"},"query-input":{"@type":"PropertyValueSpecification","valueRequired":true,"valueName":"search_term_string"}}],"inLanguage":"fr-FR"},{"@type":"Organization","@id":"https:\/\/theluckycapone.com\/fr\/#organization","name":"Luckycapone","url":"https:\/\/theluckycapone.com\/fr\/","logo":{"@type":"ImageObject","inLanguage":"fr-FR","@id":"https:\/\/theluckycapone.com\/fr\/#\/schema\/logo\/image\/","url":"https:\/\/theluckycapone.com\/wp-content\/uploads\/2025\/12\/logo-luckycapone.svg","contentUrl":"https:\/\/theluckycapone.com\/wp-content\/uploads\/2025\/12\/logo-luckycapone.svg","width":70,"height":24,"caption":"Luckycapone"},"image":{"@id":"https:\/\/theluckycapone.com\/fr\/#\/schema\/logo\/image\/"}}]}},"_links":{"self":[{"href":"https:\/\/theluckycapone.com\/fr\/wp-json\/wp\/v2\/pages\/1423","targetHints":{"allow":["GET"]}}],"collection":[{"href":"https:\/\/theluckycapone.com\/fr\/wp-json\/wp\/v2\/pages"}],"about":[{"href":"https:\/\/theluckycapone.com\/fr\/wp-json\/wp\/v2\/types\/page"}],"author":[{"embeddable":true,"href":"https:\/\/theluckycapone.com\/fr\/wp-json\/wp\/v2\/users\/1"}],"replies":[{"embeddable":true,"href":"https:\/\/theluckycapone.com\/fr\/wp-json\/wp\/v2\/comments?post=1423"}],"version-history":[{"count":2,"href":"https:\/\/theluckycapone.com\/fr\/wp-json\/wp\/v2\/pages\/1423\/revisions"}],"predecessor-version":[{"id":1566,"href":"https:\/\/theluckycapone.com\/fr\/wp-json\/wp\/v2\/pages\/1423\/revisions\/1566"}],"wp:attachment":[{"href":"https:\/\/theluckycapone.com\/fr\/wp-json\/wp\/v2\/media?parent=1423"}],"curies":[{"name":"wp","href":"https:\/\/api.w.org\/{rel}","templated":true}]}}