{"id":1470,"date":"2025-12-24T06:32:38","date_gmt":"2025-12-24T06:32:38","guid":{"rendered":"https:\/\/theluckycapone.com\/login-and-registration\/"},"modified":"2025-12-24T12:49:28","modified_gmt":"2025-12-24T12:49:28","slug":"inicio-de-sesion-y-registro","status":"publish","type":"page","link":"https:\/\/theluckycapone.com\/es\/inicio-de-sesion-y-registro\/","title":{"rendered":"Inicio de sesi\u00f3n y Registro"},"content":{"rendered":"<h1>Proceso de Registro e Inicio de Sesi\u00f3n en Luckycapone<\/h1>\n<p>Empezar en Luckycapone solo te lleva unos minutos. El proceso Luckycapone login es f\u00e1cil, para que puedas acceder a tu cuenta y empezar a jugar r\u00e1pidamente. Crea una cuenta o inicia sesi\u00f3n en una existente para acceder a un cat\u00e1logo completo de juegos y opciones de pago flexibles.<\/p>\n<p><div class=\"banner-wrap\" aria-label=\"Banner\"><img src=\"https:\/\/theluckycapone.com\/wp-content\/uploads\/2025\/12\/Luckycapone-banner.webp\" class=\"w-100 d-none d-lg-block img-pc main-banner-img\" alt=\"Luckycapone banner\" fetchpriority=\"high\" decoding=\"async\"><img src=\"https:\/\/theluckycapone.com\/wp-content\/uploads\/2025\/12\/Mobile-banner.webp\" class=\"w-100 d-none d-md-block d-lg-none main-banner-img\" alt=\"Luckycapone Mobile banner\" fetchpriority=\"high\" decoding=\"async\"><img src=\"https:\/\/theluckycapone.com\/wp-content\/uploads\/2025\/12\/Mobile-banner.webp\" class=\"w-100 d-md-none\" alt=\"Luckycapone Mobile banner\" fetchpriority=\"high\" decoding=\"async\"><div class=\"banner-description\">\n<div class=\"banner-title\">Bonos de bienvenida<\/div>\n<p class=\"banner-header-title\">1500 \u20ac<\/p>\n<div class=\"banner-header-AdditionalText\">+ 250 Tiradas gratis<\/div>\n<button data-item=\"homepage_banner_link\" class=\"goto m-button m-gradient-border m-button--primary m-button--large banner-button btn-orange\">\n            <div class=\"m-button-content\">\n                <span>Reg\u00edstrate ahora<\/span>\n                <span><\/span>\n            <\/div>\n        <\/button>\n<\/div>\n<div class=\"WelcomePack\">\n<p><img loading=\"lazy\" decoding=\"async\" class=\"alignnone size-full wp-image-1342\" src=\"https:\/\/theluckycapone.com\/wp-content\/uploads\/2025\/12\/welcome-crown.svg\" alt=\"crown\" width=\"25\" height=\"26\" \/><\/p>\n<div class=\"WelcomePack-Info\">Reembolso semanal de hasta el 25 %<\/div>\n<p><img loading=\"lazy\" decoding=\"async\" class=\"alignnone size-full wp-image-1342\" src=\"https:\/\/theluckycapone.com\/wp-content\/uploads\/2025\/12\/welcome-crown.svg\" alt=\"crown\" width=\"25\" height=\"26\" \/><\/p>\n<\/div>\n<\/div><div class=\"scrollable-content-wrap my-5\"><div class=\"scrollable-content-inner\"><h2>Reg\u00edstrate en Luckycapone Casino<\/h2>\n<p>Cuando creas una cuenta en Luckycapone, obtienes acceso a todas las funciones de la plataforma. Al registrarte, obtienes acceso a juegos y bonificaciones, puedes realizar compras de forma segura y recibir ayuda para gestionar tu cuenta. Hay dos sencillos pasos que protegen tu informaci\u00f3n y te preparan para jugar.<\/p>\n<h3>Instrucciones para Configurar el Perfil<\/h3>\n<p>El proceso de registro en Lucky Capone consta de dos pasos:<\/p>\n<p>Etapa 1: Creaci\u00f3n B\u00e1sica de la Cuenta<\/p>\n<ol>\n<li>Introduce una contrase\u00f1a segura y tu direcci\u00f3n de correo electr\u00f3nico.<\/li>\n<li>Lee los T\u00e9rminos y Condiciones, marca la casilla para indicar que est\u00e1s de acuerdo y haz clic en el bot\u00f3n Registrarse.<\/li>\n<\/ol>\n<p>Esto configura tu perfil b\u00e1sico.<\/p>\n<p>Etapa 2: Completa Tu Perfil<\/p>\n<p>Tan pronto como te registres, se abrir\u00e1 inmediatamente una segunda ventana.<\/p>\n<ol>\n<li>Introduce tu n\u00famero de tel\u00e9fono, nombre, apellido y fecha de nacimiento.<\/li>\n<li>Para finalizar la configuraci\u00f3n de tu perfil, haz clic en Guardar.<\/li>\n<\/ol>\n<p>Ahora ya puedes empezar a usar tu cuenta.<\/p>\n<table>\n<tbody>\n<tr>\n<td>Campo de Registro<\/td>\n<td>Prop\u00f3sito<\/td>\n<\/tr>\n<tr>\n<td>Correo y Contrase\u00f1a<\/td>\n<td>Acceso a la cuenta y seguridad<\/td>\n<\/tr>\n<tr>\n<td>Datos Personales<\/td>\n<td>Verificaci\u00f3n de identidad y cumplimiento normativo<\/td>\n<\/tr>\n<tr>\n<td>N\u00famero de Tel\u00e9fono<\/td>\n<td>Recuperaci\u00f3n de cuenta y notificaciones<\/td>\n<\/tr>\n<\/tbody>\n<\/table>\n<p>Ambas etapas tardan menos de tres minutos en total. Mant\u00e9n tu informaci\u00f3n de inicio de sesi\u00f3n segura y aseg\u00farate de que tu direcci\u00f3n de correo electr\u00f3nico est\u00e9 activa, porque recibir\u00e1s all\u00ed notificaciones importantes de la cuenta.<\/p>\n<h2>Por Qu\u00e9 Deber\u00edas Crear una Cuenta<\/h2>\n<p>Hay una serie de ventajas al tener una cuenta registrada en Luckycapone Casino que no obtendr\u00e1s navegando casualmente. Puedes acceder a ofertas y bonificaciones especiales exclusivas para miembros. Tu historial de juego se mantiene ordenado, para que puedas hacer un seguimiento de tu actividad y gestionar tu dinero f\u00e1cilmente.<\/p>\n<p>Las personas con cuentas pueden a\u00f1adir y retirar dinero utilizando una variedad de sistemas de pago seguros. La plataforma recuerda tus preferencias de pago, lo que hace que las transacciones futuras sean m\u00e1s r\u00e1pidas. Tambi\u00e9n puedes acceder a canales de soporte multiling\u00fce reservados para usuarios registrados.<\/p>\n<p>Puedes personalizar tu experiencia con ajustes personales. Establece tus propios l\u00edmites de dep\u00f3sito, preferencias de privacidad y notificaciones. Toda esta informaci\u00f3n se muestra en un solo lugar en el panel de control de tu cuenta.<\/p>\n<p>Los jugadores leales pueden obtener beneficios a\u00fan mejores a trav\u00e9s de niveles VIP y programas de fidelizaci\u00f3n. Si sigues jugando, estos beneficios mejorar\u00e1n, ofreci\u00e9ndote m\u00e1s bonificaciones y funciones especiales exclusivas para ti.<\/p>\n<h2>Proceso de Verificaci\u00f3n y Por Qu\u00e9 es Importante<\/h2>\n<p>La verificaci\u00f3n de la cuenta es una forma de mantener tanto tu seguridad como la de la plataforma. Esta medida de seguridad est\u00e1ndar previene el fraude y asegura el cumplimiento legal. El proceso generalmente implica presentar documentos de identificaci\u00f3n.<\/p>\n<p>El proceso de verificaci\u00f3n te permite usar todas las funciones. Las cuentas que no han sido verificadas no pueden usar algunas funciones y no pueden retirar dinero. Puedes evitar retrasos al retirar tus ganancias si realizas el proceso de verificaci\u00f3n pronto.<\/p>\n<p>La plataforma revisa los documentos r\u00e1pidamente, generalmente en 24 a 48 horas. Una vez completada la verificaci\u00f3n, recibes un correo electr\u00f3nico. Para facilitar este proceso, ten a mano copias digitales de tu DNI, comprobante de domicilio e informaci\u00f3n de pago.<\/p>\n<p>Las cuentas verificadas tienen l\u00edmites m\u00e1s altos en las transacciones y un procesamiento de retiradas m\u00e1s r\u00e1pido. Solo tienes que hacer este paso una vez, a menos que haya cambios importantes en tu informaci\u00f3n.<\/p>\n<h2>Inicia Sesi\u00f3n en Lucky Capone Casino<\/h2>\n<p>Es f\u00e1cil acceder a tu cuenta despu\u00e9s de registrarte. Ve al sitio web de Luckycapone. El bot\u00f3n \u00abIniciar Sesi\u00f3n\u00bb est\u00e1 en la esquina superior derecha. Introduce tu direcci\u00f3n de correo electr\u00f3nico registrada y tu contrase\u00f1a, luego haz clic para acceder a tu cuenta.<\/p>\n<h3>Caracter\u00edsticas de Tu Cuenta<\/h3>\n<p>Tu panel de control muestra tu saldo disponible, transacciones recientes y bonificaciones a\u00fan activas. Usa el men\u00fa principal para acceder a diferentes tipos de juegos. Haz clic en tu nombre de usuario para acceder a la configuraci\u00f3n de tu perfil.<\/p>\n<p>En tus ajustes, establece l\u00edmites para el juego responsable. En la pesta\u00f1a Promociones, puedes ver el estado de tus bonificaciones y los requisitos de apuesta.<\/p>\n<p>Si es necesario, cambia tu informaci\u00f3n personal en la configuraci\u00f3n de tu perfil. Por seguridad, cambia tu contrase\u00f1a con frecuencia. Si es posible, activa la autenticaci\u00f3n de dos factores para mayor seguridad.<\/p>\n<h2>Preguntas Frecuentes<\/h2>\n<h3>\u00bfCu\u00e1nto tiempo se tarda en registrar una cuenta en Luckycapone?<\/h3>\n<p>Registrarse lleva unos dos o tres minutos. Primero rellenas informaci\u00f3n b\u00e1sica, luego se a\u00f1aden los detalles personales en el segundo paso. Tan pronto como completes ambos pasos, tu cuenta estar\u00e1 activa.<\/p>\n<h3>\u00bfPuedo cambiar la direcci\u00f3n de correo electr\u00f3nico con la que me registr\u00e9 m\u00e1s tarde?<\/h3>\n<p>S\u00ed, despu\u00e9s de iniciar sesi\u00f3n, puedes cambiar tu direcci\u00f3n de correo electr\u00f3nico en tus ajustes. La plataforma puede requerir una verificaci\u00f3n adicional para confirmar este cambio por motivos de seguridad. Si necesitas ayuda con actualizaciones de correo electr\u00f3nico, contacta con el equipo de atenci\u00f3n al cliente a trav\u00e9s del chat en vivo o por correo electr\u00f3nico.<\/p>\n<h3>\u00bfQu\u00e9 debo hacer si olvido mi contrase\u00f1a?<\/h3>\n<p>En la p\u00e1gina de inicio de sesi\u00f3n, haz clic en el enlace que dice \u00ab\u00bfOlvidaste tu contrase\u00f1a?\u00bb. Para recibir instrucciones sobre c\u00f3mo restablecerla, introduce la direcci\u00f3n de correo electr\u00f3nico que usaste para registrarte. Para crear una nueva contrase\u00f1a y volver a acceder a tu cuenta, sigue el enlace en el correo electr\u00f3nico.<\/p>\n<\/div><\/div><\/p>\n","protected":false},"excerpt":{"rendered":"<p>Proceso de Registro e Inicio de Sesi\u00f3n en Luckycapone Empezar en Luckycapone solo te lleva unos minutos. El proceso Luckycapone login es f\u00e1cil, para que puedas acceder a tu cuenta y empezar a jugar r\u00e1pidamente. Crea una cuenta o inicia sesi\u00f3n en una existente para acceder a un cat\u00e1logo completo de juegos y opciones de [&hellip;]<\/p>\n","protected":false},"author":1,"featured_media":0,"parent":0,"menu_order":0,"comment_status":"closed","ping_status":"closed","template":"template-builder.php","meta":{"_acf_changed":false,"inline_featured_image":false,"footnotes":""},"class_list":["post-1470","page","type-page","status-publish","hentry"],"acf":[],"yoast_head":"<!-- This site is optimized with the Yoast SEO plugin v27.3 - https:\/\/yoast.com\/product\/yoast-seo-wordpress\/ -->\n<title>Luckycapone Login | Acceso y registro seguros<\/title>\n<meta name=\"description\" content=\"Lucky Capone login te permite acceder de forma r\u00e1pida y segura a tu cuenta personal de casino. Crea un nuevo perfil en segundos o inicia sesi\u00f3n para consultar bonos, saldos e historial de transacciones.\" \/>\n<meta name=\"robots\" content=\"index, follow, max-snippet:-1, max-image-preview:large, max-video-preview:-1\" \/>\n<link rel=\"canonical\" href=\"https:\/\/theluckycapone.com\/es\/inicio-de-sesion-y-registro\/\" \/>\n<meta property=\"og:locale\" content=\"es_ES\" \/>\n<meta property=\"og:type\" content=\"article\" \/>\n<meta property=\"og:title\" content=\"Luckycapone Login | Acceso y registro seguros\" \/>\n<meta property=\"og:description\" content=\"Lucky Capone login te permite acceder de forma r\u00e1pida y segura a tu cuenta personal de casino. Crea un nuevo perfil en segundos o inicia sesi\u00f3n para consultar bonos, saldos e historial de transacciones.\" \/>\n<meta property=\"og:url\" content=\"https:\/\/theluckycapone.com\/es\/inicio-de-sesion-y-registro\/\" \/>\n<meta property=\"og:site_name\" content=\"luckycapone\" \/>\n<meta property=\"article:modified_time\" content=\"2025-12-24T12:49:28+00:00\" \/>\n<meta name=\"twitter:card\" content=\"summary_large_image\" \/>\n<meta name=\"twitter:label1\" content=\"Est. reading time\" \/>\n\t<meta name=\"twitter:data1\" content=\"1 minuto\" \/>\n<script type=\"application\/ld+json\" class=\"yoast-schema-graph\">{\"@context\":\"https:\\\/\\\/schema.org\",\"@graph\":[{\"@type\":\"WebPage\",\"@id\":\"https:\\\/\\\/theluckycapone.com\\\/es\\\/inicio-de-sesion-y-registro\\\/\",\"url\":\"https:\\\/\\\/theluckycapone.com\\\/es\\\/inicio-de-sesion-y-registro\\\/\",\"name\":\"Luckycapone Login | Acceso y registro seguros\",\"isPartOf\":{\"@id\":\"https:\\\/\\\/theluckycapone.com\\\/es\\\/#website\"},\"datePublished\":\"2025-12-24T06:32:38+00:00\",\"dateModified\":\"2025-12-24T12:49:28+00:00\",\"description\":\"Lucky Capone login te permite acceder de forma r\u00e1pida y segura a tu cuenta personal de casino. Crea un nuevo perfil en segundos o inicia sesi\u00f3n para consultar bonos, saldos e historial de transacciones.\",\"breadcrumb\":{\"@id\":\"https:\\\/\\\/theluckycapone.com\\\/es\\\/inicio-de-sesion-y-registro\\\/#breadcrumb\"},\"inLanguage\":\"es\",\"potentialAction\":[{\"@type\":\"ReadAction\",\"target\":[\"https:\\\/\\\/theluckycapone.com\\\/es\\\/inicio-de-sesion-y-registro\\\/\"]}]},{\"@type\":\"BreadcrumbList\",\"@id\":\"https:\\\/\\\/theluckycapone.com\\\/es\\\/inicio-de-sesion-y-registro\\\/#breadcrumb\",\"itemListElement\":[{\"@type\":\"ListItem\",\"position\":1,\"name\":\"Luckycapone\",\"item\":\"https:\\\/\\\/theluckycapone.com\\\/es\\\/\"},{\"@type\":\"ListItem\",\"position\":2,\"name\":\"Inicio de sesi\u00f3n y Registro\"}]},{\"@type\":\"WebSite\",\"@id\":\"https:\\\/\\\/theluckycapone.com\\\/es\\\/#website\",\"url\":\"https:\\\/\\\/theluckycapone.com\\\/es\\\/\",\"name\":\"Luckycapone\",\"description\":\"\",\"publisher\":{\"@id\":\"https:\\\/\\\/theluckycapone.com\\\/es\\\/#organization\"},\"potentialAction\":[{\"@type\":\"SearchAction\",\"target\":{\"@type\":\"EntryPoint\",\"urlTemplate\":\"https:\\\/\\\/theluckycapone.com\\\/es\\\/?s={search_term_string}\"},\"query-input\":{\"@type\":\"PropertyValueSpecification\",\"valueRequired\":true,\"valueName\":\"search_term_string\"}}],\"inLanguage\":\"es\"},{\"@type\":\"Organization\",\"@id\":\"https:\\\/\\\/theluckycapone.com\\\/es\\\/#organization\",\"name\":\"Luckycapone\",\"url\":\"https:\\\/\\\/theluckycapone.com\\\/es\\\/\",\"logo\":{\"@type\":\"ImageObject\",\"inLanguage\":\"es\",\"@id\":\"https:\\\/\\\/theluckycapone.com\\\/es\\\/#\\\/schema\\\/logo\\\/image\\\/\",\"url\":\"https:\\\/\\\/theluckycapone.com\\\/wp-content\\\/uploads\\\/2025\\\/12\\\/logo-luckycapone.svg\",\"contentUrl\":\"https:\\\/\\\/theluckycapone.com\\\/wp-content\\\/uploads\\\/2025\\\/12\\\/logo-luckycapone.svg\",\"width\":70,\"height\":24,\"caption\":\"Luckycapone\"},\"image\":{\"@id\":\"https:\\\/\\\/theluckycapone.com\\\/es\\\/#\\\/schema\\\/logo\\\/image\\\/\"}}]}<\/script>\n<!-- \/ Yoast SEO plugin. -->","yoast_head_json":{"title":"Luckycapone Login | Acceso y registro seguros","description":"Lucky Capone login te permite acceder de forma r\u00e1pida y segura a tu cuenta personal de casino. Crea un nuevo perfil en segundos o inicia sesi\u00f3n para consultar bonos, saldos e historial de transacciones.","robots":{"index":"index","follow":"follow","max-snippet":"max-snippet:-1","max-image-preview":"max-image-preview:large","max-video-preview":"max-video-preview:-1"},"canonical":"https:\/\/theluckycapone.com\/es\/inicio-de-sesion-y-registro\/","og_locale":"es_ES","og_type":"article","og_title":"Luckycapone Login | Acceso y registro seguros","og_description":"Lucky Capone login te permite acceder de forma r\u00e1pida y segura a tu cuenta personal de casino. Crea un nuevo perfil en segundos o inicia sesi\u00f3n para consultar bonos, saldos e historial de transacciones.","og_url":"https:\/\/theluckycapone.com\/es\/inicio-de-sesion-y-registro\/","og_site_name":"luckycapone","article_modified_time":"2025-12-24T12:49:28+00:00","twitter_card":"summary_large_image","twitter_misc":{"Est. reading time":"1 minuto"},"schema":{"@context":"https:\/\/schema.org","@graph":[{"@type":"WebPage","@id":"https:\/\/theluckycapone.com\/es\/inicio-de-sesion-y-registro\/","url":"https:\/\/theluckycapone.com\/es\/inicio-de-sesion-y-registro\/","name":"Luckycapone Login | Acceso y registro seguros","isPartOf":{"@id":"https:\/\/theluckycapone.com\/es\/#website"},"datePublished":"2025-12-24T06:32:38+00:00","dateModified":"2025-12-24T12:49:28+00:00","description":"Lucky Capone login te permite acceder de forma r\u00e1pida y segura a tu cuenta personal de casino. Crea un nuevo perfil en segundos o inicia sesi\u00f3n para consultar bonos, saldos e historial de transacciones.","breadcrumb":{"@id":"https:\/\/theluckycapone.com\/es\/inicio-de-sesion-y-registro\/#breadcrumb"},"inLanguage":"es","potentialAction":[{"@type":"ReadAction","target":["https:\/\/theluckycapone.com\/es\/inicio-de-sesion-y-registro\/"]}]},{"@type":"BreadcrumbList","@id":"https:\/\/theluckycapone.com\/es\/inicio-de-sesion-y-registro\/#breadcrumb","itemListElement":[{"@type":"ListItem","position":1,"name":"Luckycapone","item":"https:\/\/theluckycapone.com\/es\/"},{"@type":"ListItem","position":2,"name":"Inicio de sesi\u00f3n y Registro"}]},{"@type":"WebSite","@id":"https:\/\/theluckycapone.com\/es\/#website","url":"https:\/\/theluckycapone.com\/es\/","name":"Luckycapone","description":"","publisher":{"@id":"https:\/\/theluckycapone.com\/es\/#organization"},"potentialAction":[{"@type":"SearchAction","target":{"@type":"EntryPoint","urlTemplate":"https:\/\/theluckycapone.com\/es\/?s={search_term_string}"},"query-input":{"@type":"PropertyValueSpecification","valueRequired":true,"valueName":"search_term_string"}}],"inLanguage":"es"},{"@type":"Organization","@id":"https:\/\/theluckycapone.com\/es\/#organization","name":"Luckycapone","url":"https:\/\/theluckycapone.com\/es\/","logo":{"@type":"ImageObject","inLanguage":"es","@id":"https:\/\/theluckycapone.com\/es\/#\/schema\/logo\/image\/","url":"https:\/\/theluckycapone.com\/wp-content\/uploads\/2025\/12\/logo-luckycapone.svg","contentUrl":"https:\/\/theluckycapone.com\/wp-content\/uploads\/2025\/12\/logo-luckycapone.svg","width":70,"height":24,"caption":"Luckycapone"},"image":{"@id":"https:\/\/theluckycapone.com\/es\/#\/schema\/logo\/image\/"}}]}},"_links":{"self":[{"href":"https:\/\/theluckycapone.com\/es\/wp-json\/wp\/v2\/pages\/1470","targetHints":{"allow":["GET"]}}],"collection":[{"href":"https:\/\/theluckycapone.com\/es\/wp-json\/wp\/v2\/pages"}],"about":[{"href":"https:\/\/theluckycapone.com\/es\/wp-json\/wp\/v2\/types\/page"}],"author":[{"embeddable":true,"href":"https:\/\/theluckycapone.com\/es\/wp-json\/wp\/v2\/users\/1"}],"replies":[{"embeddable":true,"href":"https:\/\/theluckycapone.com\/es\/wp-json\/wp\/v2\/comments?post=1470"}],"version-history":[{"count":1,"href":"https:\/\/theluckycapone.com\/es\/wp-json\/wp\/v2\/pages\/1470\/revisions"}],"predecessor-version":[{"id":1854,"href":"https:\/\/theluckycapone.com\/es\/wp-json\/wp\/v2\/pages\/1470\/revisions\/1854"}],"wp:attachment":[{"href":"https:\/\/theluckycapone.com\/es\/wp-json\/wp\/v2\/media?parent=1470"}],"curies":[{"name":"wp","href":"https:\/\/api.w.org\/{rel}","templated":true}]}}