{"id":1432,"date":"2025-12-24T06:30:13","date_gmt":"2025-12-24T06:30:13","guid":{"rendered":"https:\/\/theluckycapone.com\/app-2\/"},"modified":"2025-12-24T12:48:24","modified_gmt":"2025-12-24T12:48:24","slug":"aplicacion","status":"publish","type":"page","link":"https:\/\/theluckycapone.com\/es\/aplicacion\/","title":{"rendered":"Aplicaci\u00f3n"},"content":{"rendered":"<h1>Aplicaci\u00f3n Luckycapone para M\u00f3vil<\/h1>\n<p>La Luckycapone app lleva la experiencia de juego completa directamente a tu tel\u00e9fono. Puedes acceder a todas las funciones del casino a trav\u00e9s de una interfaz sencilla que funciona tanto en dispositivos Android como iOS. La aplicaci\u00f3n mantiene todas las funciones de la versi\u00f3n de escritorio, al tiempo que facilita el uso de los controles y dise\u00f1os para pantallas t\u00e1ctiles.<\/p>\n<p><div class=\"banner-wrap\" aria-label=\"Banner\"><img src=\"https:\/\/theluckycapone.com\/wp-content\/uploads\/2025\/12\/Luckycapone-banner.webp\" class=\"w-100 d-none d-lg-block img-pc main-banner-img\" alt=\"Luckycapone banner\" fetchpriority=\"high\" decoding=\"async\"><img src=\"https:\/\/theluckycapone.com\/wp-content\/uploads\/2025\/12\/Mobile-banner.webp\" class=\"w-100 d-none d-md-block d-lg-none main-banner-img\" alt=\"Luckycapone Mobile banner\" fetchpriority=\"high\" decoding=\"async\"><img src=\"https:\/\/theluckycapone.com\/wp-content\/uploads\/2025\/12\/Mobile-banner.webp\" class=\"w-100 d-md-none\" alt=\"Luckycapone Mobile banner\" fetchpriority=\"high\" decoding=\"async\"><div class=\"banner-description\">\n<div class=\"banner-title\">Bonos de bienvenida<\/div>\n<p class=\"banner-header-title\">1500 \u20ac<\/p>\n<div class=\"banner-header-AdditionalText\">+ 250 Tiradas gratis<\/div>\n<button data-item=\"homepage_banner_link\" class=\"goto m-button m-gradient-border m-button--primary m-button--large banner-button btn-orange\">\n            <div class=\"m-button-content\">\n                <span>Reg\u00edstrate ahora<\/span>\n                <span><\/span>\n            <\/div>\n        <\/button>\n<\/div>\n<div class=\"WelcomePack\">\n<p><img loading=\"lazy\" decoding=\"async\" class=\"alignnone size-full wp-image-1342\" src=\"https:\/\/theluckycapone.com\/wp-content\/uploads\/2025\/12\/welcome-crown.svg\" alt=\"crown\" width=\"25\" height=\"26\" \/><\/p>\n<div class=\"WelcomePack-Info\">Reembolso semanal de hasta el 25 %<\/div>\n<p><img loading=\"lazy\" decoding=\"async\" class=\"alignnone size-full wp-image-1342\" src=\"https:\/\/theluckycapone.com\/wp-content\/uploads\/2025\/12\/welcome-crown.svg\" alt=\"crown\" width=\"25\" height=\"26\" \/><\/p>\n<\/div>\n<\/div><div class=\"scrollable-content-wrap my-5\"><div class=\"scrollable-content-inner\"><h2>Aplicaci\u00f3n Android para Lucky Capone<\/h2>\n<p>Los usuarios de Android pueden obtener la funcionalidad completa de las aplicaciones nativas instal\u00e1ndolas como PWA (aplicaciones web progresivas). La aplicaci\u00f3n funciona en Android 6.0 y versiones m\u00e1s recientes, por lo que puede utilizarse en la mayor\u00eda de los dispositivos fabricados en los \u00faltimos siete a\u00f1os. Recibes notificaciones push de ofertas, usas tu huella dactilar para iniciar sesi\u00f3n r\u00e1pidamente y puedes acceder a tu historial de juego y ajustes de la cuenta.<\/p>\n<p>Si tienes alguna pregunta sobre el proceso de instalaci\u00f3n o cualquier otro problema, no dudes en contactar con nuestro equipo de soporte a trav\u00e9s del chat en vivo o el correo electr\u00f3nico.<\/p>\n<h3>C\u00f3mo Configurar la Aplicaci\u00f3n<\/h3>\n<ol>\n<li>Usa Chrome u otro navegador para ir al sitio web de Luckycapone.<\/li>\n<li>Haz clic en el icono del men\u00fa de tres puntos en la esquina superior derecha.<\/li>\n<li>Elige \u00abA\u00f1adir a la pantalla de inicio\u00bb de la lista.<\/li>\n<li>Toca \u00abA\u00f1adir\u00bb en la ventana emergente para confirmar.<\/li>\n<li>Ahora, cuando hagas clic en el acceso directo del sitio web, se abrir\u00e1 en una ventana separada del navegador sin la barra de direcciones, igual que una aplicaci\u00f3n.<\/li>\n<\/ol>\n<p><img loading=\"lazy\" decoding=\"async\" src=\"https:\/\/theluckycapone.com\/wp-content\/uploads\/2025\/12\/Luckycapone-iOS.webp\" alt=\"Luckycapone Android\" width=\"1248\" height=\"536\" \/><\/p>\n<\/div><\/div><div style=\"clear: both\"><\/div><div class=\"d-flex justify-content-center\"><button data-item=\"decouvrez_link\" data-group=\"website_links\" class=\"goto fw-bold rounded-pill btn btn-orange\" aria-label=\"Descarga la aplicaci\u00f3n Luckycapone\" >Descarga la aplicaci\u00f3n Luckycapone<\/button><\/div><\/p>\n<h2>Ventajas de la Aplicaci\u00f3n Luckycapone<\/h2>\n<p>La aplicaci\u00f3n de casino m\u00f3vil facilita el juego en una pantalla peque\u00f1a sin perder ninguna de las funciones del casino Luckycapone. Los juegos de tragamonedas funcionan mejor en orientaci\u00f3n vertical, pero juegos de mesa como el blackjack y la ruleta son mejores en modo horizontal. En lugar de usar un rat\u00f3n, usas los dedos para tocar la pantalla, lo que facilita acciones como colocar apuestas o girar los carretes.<\/p>\n<p>La duraci\u00f3n de la bater\u00eda se mantiene buena incluso jugando durante mucho tiempo. La aplicaci\u00f3n utiliza aceleraci\u00f3n por hardware para renderizar gr\u00e1ficos, lo que requiere menos esfuerzo del procesador que jugar en un navegador web. Puedes minimizar la aplicaci\u00f3n y volver a ella sin perder tu progreso o la conexi\u00f3n a los juegos en vivo.<\/p>\n<p>Utilizar el reconocimiento de huella dactilar o facial para iniciar sesi\u00f3n es m\u00e1s r\u00e1pido que escribir una contrase\u00f1a. La aplicaci\u00f3n recuerda tus elecciones de ajustes de pantalla y l\u00edmites de apuesta. Las notificaciones push te informan sobre bonificaciones de dep\u00f3sito y cu\u00e1ndo se confirman las retiradas, por lo que no tienes que comprobar el sitio web constantemente.<\/p>\n<table>\n<tbody>\n<tr>\n<td>Aspecto<\/td>\n<td>Aplicaci\u00f3n M\u00f3vil<\/td>\n<td>Navegador de Escritorio<\/td>\n<\/tr>\n<tr>\n<td>Orientaci\u00f3n Pantalla<\/td>\n<td>Vertical y horizontal<\/td>\n<td>Solo horizontal<\/td>\n<\/tr>\n<tr>\n<td>M\u00e9todo de Inicio<\/td>\n<td>Autenticaci\u00f3n biom\u00e9trica<\/td>\n<td>Introducci\u00f3n de contrase\u00f1a<\/td>\n<\/tr>\n<tr>\n<td>Notificaciones<\/td>\n<td>Alertas push<\/td>\n<td>Solo correo electr\u00f3nico<\/td>\n<\/tr>\n<tr>\n<td>Rendimiento<\/td>\n<td>Acelerado por hardware<\/td>\n<td>Depende del navegador<\/td>\n<\/tr>\n<\/tbody>\n<\/table>\n<p>La aplicaci\u00f3n utiliza carga optimizada de recursos para reducir el uso de datos. Los archivos de juego y las im\u00e1genes se descargan con una resoluci\u00f3n que se adapta a tu pantalla en lugar de la mejor calidad posible. Esto utiliza aproximadamente un 30% menos de ancho de banda que los navegadores m\u00f3viles, que intentan cargar el contenido en resoluci\u00f3n completa.<\/p>\n<p><div class=\"scrollable-content-wrap my-5\"><div class=\"scrollable-content-inner\"><h2>Descargar Luckycapone para PC<\/h2>\n<p>Los usuarios de escritorio pueden usar Luckycapone a trav\u00e9s de una Aplicaci\u00f3n Web Progresiva que funciona como un programa nativo.<\/p>\n<ol>\n<li>Usando Chrome, Edge u otro navegador basado en Chromium, ve al sitio web oficial de Luckycapone.<\/li>\n<li>Haz clic en el bot\u00f3n de instalaci\u00f3n en la barra de direcciones, que suele estar a la derecha.<\/li>\n<li>El navegador te pedir\u00e1 que confirmes que quieres instalarla.<\/li>\n<li>La aplicaci\u00f3n Luckycapone aparecer\u00e1 en tu escritorio o en el men\u00fa de aplicaciones cuando termine la instalaci\u00f3n.<\/li>\n<\/ol>\n<p>La PWA de escritorio carga m\u00e1s r\u00e1pido que un navegador web normal porque guarda archivos importantes en tu ordenador. Obtienes una ventana separada sin barras de herramientas del navegador, lo que proporciona un espacio de trabajo m\u00e1s limpio. Las actualizaciones se realizan autom\u00e1ticamente en segundo plano, por lo que no tienes que descargar nada manualmente para asegurarte de usar la versi\u00f3n m\u00e1s reciente.<\/p>\n<table>\n<tbody>\n<tr>\n<td>Caracter\u00edstica<\/td>\n<td>PWA de Escritorio<\/td>\n<td>Acceso por Navegador<\/td>\n<\/tr>\n<tr>\n<td>Velocidad de Carga<\/td>\n<td>R\u00e1pida<\/td>\n<td>Moderada<\/td>\n<\/tr>\n<tr>\n<td>Interfaz<\/td>\n<td>Ventana dedicada<\/td>\n<td>Pesta\u00f1a del navegador<\/td>\n<\/tr>\n<tr>\n<td>Actualizaciones<\/td>\n<td>Autom\u00e1ticas<\/td>\n<td>Refresco manual<\/td>\n<\/tr>\n<tr>\n<td>Almacenamiento<\/td>\n<td>Cach\u00e9 local<\/td>\n<td>Basado en sesi\u00f3n<\/td>\n<\/tr>\n<\/tbody>\n<\/table>\n<p><img loading=\"lazy\" decoding=\"async\" src=\"https:\/\/theluckycapone.com\/wp-content\/uploads\/2025\/12\/Luckycapone-Desktop.webp\" alt=\"Luckycapone Desktop\" width=\"1248\" height=\"536\" \/><\/p>\n<\/div><\/div><div style=\"clear: both\"><\/div><div class=\"d-flex justify-content-center\"><button data-item=\"decouvrez_link\" data-group=\"website_links\" class=\"goto fw-bold rounded-pill btn btn-orange\" aria-label=\"Descargar Luckycapone\" >Descargar Luckycapone<\/button><\/div><div class=\"scrollable-content-wrap my-5\"><div class=\"scrollable-content-inner\"><h2>Aplicaci\u00f3n para iPhones y iPads<\/h2>\n<p>Los usuarios de iOS pueden usar la funci\u00f3n \u00abA\u00f1adir a la pantalla de inicio\u00bb de Safari para crear una aplicaci\u00f3n web progresiva de Luckycapone. Este m\u00e9todo funciona en iPhones con iOS 13 o posterior y en todos los iPads desde 2017 en adelante. No necesitas tener una cuenta de App Store ni permisos adicionales para instalarla, y tarda menos de un minuto.<\/p>\n<h3>Configurar la Aplicaci\u00f3n iOS<\/h3>\n<ol>\n<li>Abre Safari y ve al sitio web de Luckycapone.<\/li>\n<li>En la parte inferior de la pantalla, haz clic en el bot\u00f3n que parece un cuadrado con una flecha hacia arriba.<\/li>\n<li>Ve al men\u00fa de opciones y elige \u00abA\u00f1adir a la pantalla de inicio\u00bb.<\/li>\n<li>Puedes escribir un nombre diferente o dejar el nombre por defecto, \u00abLuckycapone\u00bb.<\/li>\n<li>Para confirmar, haz clic en \u00abA\u00f1adir\u00bb en la esquina superior derecha.<\/li>\n<\/ol>\n<p>El icono de Lucky Capone aparecer\u00e1 junto a tus otras aplicaciones en la pantalla de inicio. Cuando lo toques, el sitio se abre en modo independiente, que oculta la barra de direcciones y los botones de navegaci\u00f3n de Safari. Esto brinda a los usuarios una experiencia similar a una aplicaci\u00f3n mientras mantiene todas las funciones de un sitio web. Cuando abres la aplicaci\u00f3n estando conectado a Internet, iOS actualiza autom\u00e1ticamente los archivos en cach\u00e9.<\/p>\n<p>Para quienes usan un iPad, el dise\u00f1o horizontal muestra los juegos en todo su esplendor con muy pocos elementos de interfaz. El modo vertical es bueno para ver categor\u00edas de juegos y cambiar ajustes de la cuenta. La multitarea de pantalla dividida te permite hacer varias cosas a la vez. Puedes mantener Luckycapone abierto mientras consultas tu correo electr\u00f3nico o usas otras aplicaciones.<\/p>\n<p><img loading=\"lazy\" decoding=\"async\" src=\"https:\/\/theluckycapone.com\/wp-content\/uploads\/2025\/12\/Luckycapone-Android.webp\" alt=\"Luckycapone iOS\" width=\"1248\" height=\"536\" \/><\/p>\n<\/div><\/div><div style=\"clear: both\"><\/div><div class=\"d-flex justify-content-center\"><button data-item=\"decouvrez_link\" data-group=\"website_links\" class=\"goto fw-bold rounded-pill btn btn-orange\" aria-label=\"Descarga la aplicaci\u00f3n Luckycapone\" >Descarga la aplicaci\u00f3n Luckycapone<\/button><\/div><div class=\"scrollable-content-wrap my-5\"><div class=\"scrollable-content-inner\"><h2>Preguntas Frecuentes<\/h2>\n<h3>\u00bfTiene Lucky Capone modos sin conexi\u00f3n o requiere acceso a Internet?<\/h3>\n<p>Para todas las actividades de juego y transacciones con dinero real, la aplicaci\u00f3n necesita estar conectada a Internet. Cuando no est\u00e9s conectado a Internet, solo podr\u00e1s ver tu historial de cuenta, verificar el proceso de verificaci\u00f3n y revisar las reglas de juego que ya est\u00e1n en cach\u00e9. Puedes usar datos m\u00f3viles o WiFi, pero para la mejor experiencia de juego, aseg\u00farate de que tu conexi\u00f3n sea de al menos 3 Mbps. Los juegos con dealer en vivo necesitan conexiones m\u00e1s r\u00e1pidas, idealmente 5 Mbps o m\u00e1s, para evitar la carga del v\u00eddeo.<\/p>\n<h3>\u00bfPuedo usar mi cuenta tanto en m\u00f3vil como en escritorio?<\/h3>\n<p>Puedes usar tu cuenta de Lucky Capone en cualquier dispositivo sin necesidad de registrarte de nuevo. Puedes iniciar sesi\u00f3n en tu tel\u00e9fono, ordenador o tableta usando el mismo nombre de usuario y contrase\u00f1a. Sin importar el dispositivo que uses, tu saldo de cuenta, progreso de bonificaciones e historial de juego se sincronizar\u00e1n autom\u00e1ticamente. Puedes empezar a jugar en tu tel\u00e9fono y luego continuar justo donde lo dejaste en tu ordenador de escritorio m\u00e1s tarde, sin que haya cambios en tu cuenta.<\/p>\n<h3>\u00bfSe pueden jugar todos los juegos en la aplicaci\u00f3n m\u00f3vil, o solo algunos?<\/h3>\n<p>La aplicaci\u00f3n m\u00f3vil te permite ver todos los juegos que est\u00e1n en la versi\u00f3n de escritorio. Esto incluye juegos como tragamonedas online, mesas, dealers en vivo y t\u00edtulos especializados. Algunos juegos m\u00e1s antiguos pueden verse diferentes en pantallas m\u00f3viles debido a cambios en el dise\u00f1o, pero siguen funcionando de la misma manera. Los juegos nuevos se lanzan en m\u00f3vil y escritorio al mismo tiempo, por lo que ambas plataformas son iguales.<\/p>\n<\/div><\/div><\/p>\n","protected":false},"excerpt":{"rendered":"<p>Aplicaci\u00f3n Luckycapone para M\u00f3vil La Luckycapone app lleva la experiencia de juego completa directamente a tu tel\u00e9fono. Puedes acceder a todas las funciones del casino a trav\u00e9s de una interfaz sencilla que funciona tanto en dispositivos Android como iOS. La aplicaci\u00f3n mantiene todas las funciones de la versi\u00f3n de escritorio, al tiempo que facilita el [&hellip;]<\/p>\n","protected":false},"author":1,"featured_media":0,"parent":0,"menu_order":0,"comment_status":"closed","ping_status":"closed","template":"template-builder.php","meta":{"_acf_changed":false,"inline_featured_image":false,"footnotes":""},"class_list":["post-1432","page","type-page","status-publish","hentry"],"acf":[],"yoast_head":"<!-- This site is optimized with the Yoast SEO plugin v27.3 - https:\/\/yoast.com\/product\/yoast-seo-wordpress\/ -->\n<title>Luckycapone App | Casino m\u00f3vil para Android e iOS<\/title>\n<meta name=\"description\" content=\"Lleva oficial Lucky Capone app para iOS, Android, Windows y macOS a todas partes. Disfruta de acceso instant\u00e1neo a tragamonedas, jackpots y juegos con crupier en vivo con un rendimiento impecable.\" \/>\n<meta name=\"robots\" content=\"index, follow, max-snippet:-1, max-image-preview:large, max-video-preview:-1\" \/>\n<link rel=\"canonical\" href=\"https:\/\/theluckycapone.com\/es\/aplicacion\/\" \/>\n<meta property=\"og:locale\" content=\"es_ES\" \/>\n<meta property=\"og:type\" content=\"article\" \/>\n<meta property=\"og:title\" content=\"Luckycapone App | Casino m\u00f3vil para Android e iOS\" \/>\n<meta property=\"og:description\" content=\"Lleva oficial Lucky Capone app para iOS, Android, Windows y macOS a todas partes. Disfruta de acceso instant\u00e1neo a tragamonedas, jackpots y juegos con crupier en vivo con un rendimiento impecable.\" \/>\n<meta property=\"og:url\" content=\"https:\/\/theluckycapone.com\/es\/aplicacion\/\" \/>\n<meta property=\"og:site_name\" content=\"luckycapone\" \/>\n<meta property=\"article:modified_time\" content=\"2025-12-24T12:48:24+00:00\" \/>\n<meta name=\"twitter:card\" content=\"summary_large_image\" \/>\n<meta name=\"twitter:label1\" content=\"Est. reading time\" \/>\n\t<meta name=\"twitter:data1\" content=\"2 minutos\" \/>\n<script type=\"application\/ld+json\" class=\"yoast-schema-graph\">{\"@context\":\"https:\\\/\\\/schema.org\",\"@graph\":[{\"@type\":\"WebPage\",\"@id\":\"https:\\\/\\\/theluckycapone.com\\\/es\\\/aplicacion\\\/\",\"url\":\"https:\\\/\\\/theluckycapone.com\\\/es\\\/aplicacion\\\/\",\"name\":\"Luckycapone App | Casino m\u00f3vil para Android e iOS\",\"isPartOf\":{\"@id\":\"https:\\\/\\\/theluckycapone.com\\\/es\\\/#website\"},\"datePublished\":\"2025-12-24T06:30:13+00:00\",\"dateModified\":\"2025-12-24T12:48:24+00:00\",\"description\":\"Lleva oficial Lucky Capone app para iOS, Android, Windows y macOS a todas partes. Disfruta de acceso instant\u00e1neo a tragamonedas, jackpots y juegos con crupier en vivo con un rendimiento impecable.\",\"breadcrumb\":{\"@id\":\"https:\\\/\\\/theluckycapone.com\\\/es\\\/aplicacion\\\/#breadcrumb\"},\"inLanguage\":\"es\",\"potentialAction\":[{\"@type\":\"ReadAction\",\"target\":[\"https:\\\/\\\/theluckycapone.com\\\/es\\\/aplicacion\\\/\"]}]},{\"@type\":\"BreadcrumbList\",\"@id\":\"https:\\\/\\\/theluckycapone.com\\\/es\\\/aplicacion\\\/#breadcrumb\",\"itemListElement\":[{\"@type\":\"ListItem\",\"position\":1,\"name\":\"Luckycapone\",\"item\":\"https:\\\/\\\/theluckycapone.com\\\/es\\\/\"},{\"@type\":\"ListItem\",\"position\":2,\"name\":\"Aplicaci\u00f3n\"}]},{\"@type\":\"WebSite\",\"@id\":\"https:\\\/\\\/theluckycapone.com\\\/es\\\/#website\",\"url\":\"https:\\\/\\\/theluckycapone.com\\\/es\\\/\",\"name\":\"Luckycapone\",\"description\":\"\",\"publisher\":{\"@id\":\"https:\\\/\\\/theluckycapone.com\\\/es\\\/#organization\"},\"potentialAction\":[{\"@type\":\"SearchAction\",\"target\":{\"@type\":\"EntryPoint\",\"urlTemplate\":\"https:\\\/\\\/theluckycapone.com\\\/es\\\/?s={search_term_string}\"},\"query-input\":{\"@type\":\"PropertyValueSpecification\",\"valueRequired\":true,\"valueName\":\"search_term_string\"}}],\"inLanguage\":\"es\"},{\"@type\":\"Organization\",\"@id\":\"https:\\\/\\\/theluckycapone.com\\\/es\\\/#organization\",\"name\":\"Luckycapone\",\"url\":\"https:\\\/\\\/theluckycapone.com\\\/es\\\/\",\"logo\":{\"@type\":\"ImageObject\",\"inLanguage\":\"es\",\"@id\":\"https:\\\/\\\/theluckycapone.com\\\/es\\\/#\\\/schema\\\/logo\\\/image\\\/\",\"url\":\"https:\\\/\\\/theluckycapone.com\\\/wp-content\\\/uploads\\\/2025\\\/12\\\/logo-luckycapone.svg\",\"contentUrl\":\"https:\\\/\\\/theluckycapone.com\\\/wp-content\\\/uploads\\\/2025\\\/12\\\/logo-luckycapone.svg\",\"width\":70,\"height\":24,\"caption\":\"Luckycapone\"},\"image\":{\"@id\":\"https:\\\/\\\/theluckycapone.com\\\/es\\\/#\\\/schema\\\/logo\\\/image\\\/\"}}]}<\/script>\n<!-- \/ Yoast SEO plugin. -->","yoast_head_json":{"title":"Luckycapone App | Casino m\u00f3vil para Android e iOS","description":"Lleva oficial Lucky Capone app para iOS, Android, Windows y macOS a todas partes. Disfruta de acceso instant\u00e1neo a tragamonedas, jackpots y juegos con crupier en vivo con un rendimiento impecable.","robots":{"index":"index","follow":"follow","max-snippet":"max-snippet:-1","max-image-preview":"max-image-preview:large","max-video-preview":"max-video-preview:-1"},"canonical":"https:\/\/theluckycapone.com\/es\/aplicacion\/","og_locale":"es_ES","og_type":"article","og_title":"Luckycapone App | Casino m\u00f3vil para Android e iOS","og_description":"Lleva oficial Lucky Capone app para iOS, Android, Windows y macOS a todas partes. Disfruta de acceso instant\u00e1neo a tragamonedas, jackpots y juegos con crupier en vivo con un rendimiento impecable.","og_url":"https:\/\/theluckycapone.com\/es\/aplicacion\/","og_site_name":"luckycapone","article_modified_time":"2025-12-24T12:48:24+00:00","twitter_card":"summary_large_image","twitter_misc":{"Est. reading time":"2 minutos"},"schema":{"@context":"https:\/\/schema.org","@graph":[{"@type":"WebPage","@id":"https:\/\/theluckycapone.com\/es\/aplicacion\/","url":"https:\/\/theluckycapone.com\/es\/aplicacion\/","name":"Luckycapone App | Casino m\u00f3vil para Android e iOS","isPartOf":{"@id":"https:\/\/theluckycapone.com\/es\/#website"},"datePublished":"2025-12-24T06:30:13+00:00","dateModified":"2025-12-24T12:48:24+00:00","description":"Lleva oficial Lucky Capone app para iOS, Android, Windows y macOS a todas partes. Disfruta de acceso instant\u00e1neo a tragamonedas, jackpots y juegos con crupier en vivo con un rendimiento impecable.","breadcrumb":{"@id":"https:\/\/theluckycapone.com\/es\/aplicacion\/#breadcrumb"},"inLanguage":"es","potentialAction":[{"@type":"ReadAction","target":["https:\/\/theluckycapone.com\/es\/aplicacion\/"]}]},{"@type":"BreadcrumbList","@id":"https:\/\/theluckycapone.com\/es\/aplicacion\/#breadcrumb","itemListElement":[{"@type":"ListItem","position":1,"name":"Luckycapone","item":"https:\/\/theluckycapone.com\/es\/"},{"@type":"ListItem","position":2,"name":"Aplicaci\u00f3n"}]},{"@type":"WebSite","@id":"https:\/\/theluckycapone.com\/es\/#website","url":"https:\/\/theluckycapone.com\/es\/","name":"Luckycapone","description":"","publisher":{"@id":"https:\/\/theluckycapone.com\/es\/#organization"},"potentialAction":[{"@type":"SearchAction","target":{"@type":"EntryPoint","urlTemplate":"https:\/\/theluckycapone.com\/es\/?s={search_term_string}"},"query-input":{"@type":"PropertyValueSpecification","valueRequired":true,"valueName":"search_term_string"}}],"inLanguage":"es"},{"@type":"Organization","@id":"https:\/\/theluckycapone.com\/es\/#organization","name":"Luckycapone","url":"https:\/\/theluckycapone.com\/es\/","logo":{"@type":"ImageObject","inLanguage":"es","@id":"https:\/\/theluckycapone.com\/es\/#\/schema\/logo\/image\/","url":"https:\/\/theluckycapone.com\/wp-content\/uploads\/2025\/12\/logo-luckycapone.svg","contentUrl":"https:\/\/theluckycapone.com\/wp-content\/uploads\/2025\/12\/logo-luckycapone.svg","width":70,"height":24,"caption":"Luckycapone"},"image":{"@id":"https:\/\/theluckycapone.com\/es\/#\/schema\/logo\/image\/"}}]}},"_links":{"self":[{"href":"https:\/\/theluckycapone.com\/es\/wp-json\/wp\/v2\/pages\/1432","targetHints":{"allow":["GET"]}}],"collection":[{"href":"https:\/\/theluckycapone.com\/es\/wp-json\/wp\/v2\/pages"}],"about":[{"href":"https:\/\/theluckycapone.com\/es\/wp-json\/wp\/v2\/types\/page"}],"author":[{"embeddable":true,"href":"https:\/\/theluckycapone.com\/es\/wp-json\/wp\/v2\/users\/1"}],"replies":[{"embeddable":true,"href":"https:\/\/theluckycapone.com\/es\/wp-json\/wp\/v2\/comments?post=1432"}],"version-history":[{"count":2,"href":"https:\/\/theluckycapone.com\/es\/wp-json\/wp\/v2\/pages\/1432\/revisions"}],"predecessor-version":[{"id":1853,"href":"https:\/\/theluckycapone.com\/es\/wp-json\/wp\/v2\/pages\/1432\/revisions\/1853"}],"wp:attachment":[{"href":"https:\/\/theluckycapone.com\/es\/wp-json\/wp\/v2\/media?parent=1432"}],"curies":[{"name":"wp","href":"https:\/\/api.w.org\/{rel}","templated":true}]}}