{"id":1466,"date":"2025-12-24T06:32:38","date_gmt":"2025-12-24T06:32:38","guid":{"rendered":"https:\/\/theluckycapone.com\/login-and-registration\/"},"modified":"2025-12-24T11:03:39","modified_gmt":"2025-12-24T11:03:39","slug":"anmeldung-und-registrierung","status":"publish","type":"page","link":"https:\/\/theluckycapone.com\/de\/anmeldung-und-registrierung\/","title":{"rendered":"Anmeldung und Registrierung"},"content":{"rendered":"<h1>Luckycapone Registrierungs- und Anmeldevorgang<\/h1>\n<p>Der Start bei Luckycapone dauert nur wenige Minuten. Der Luckycapone-Login ist einfach, sodass Sie sofort auf Ihr Konto zugreifen und mit dem Spielen beginnen k\u00f6nnen. Erstellen Sie ein Konto oder melden Sie sich bei einem bestehenden an, um auf einen vollst\u00e4ndigen Spielekatalog und flexible Zahlungsoptionen zuzugreifen.<\/p>\n<p><div class=\"banner-wrap\" aria-label=\"Banner\"><img src=\"https:\/\/theluckycapone.com\/wp-content\/uploads\/2025\/12\/Luckycapone-banner.webp\" class=\"w-100 d-none d-lg-block img-pc main-banner-img\" alt=\"Luckycapone banner\" fetchpriority=\"high\" decoding=\"async\"><img src=\"https:\/\/theluckycapone.com\/wp-content\/uploads\/2025\/12\/Mobile-banner.webp\" class=\"w-100 d-none d-md-block d-lg-none main-banner-img\" alt=\"Luckycapone Mobile banner\" fetchpriority=\"high\" decoding=\"async\"><img src=\"https:\/\/theluckycapone.com\/wp-content\/uploads\/2025\/12\/Mobile-banner.webp\" class=\"w-100 d-md-none\" alt=\"Luckycapone Mobile banner\" fetchpriority=\"high\" decoding=\"async\"><div class=\"banner-description\">\n<div class=\"banner-title\">Willkommensboni<\/div>\n<p class=\"banner-header-title\">1500 \u20ac<\/p>\n<div class=\"banner-header-AdditionalText\">+ 250 Freispiele<\/div>\n<button data-item=\"homepage_banner_link\" class=\"goto m-button m-gradient-border m-button--primary m-button--large banner-button btn-orange\">\n            <div class=\"m-button-content\">\n                <span>Jetzt anmelden<\/span>\n                <span><\/span>\n            <\/div>\n        <\/button>\n<\/div>\n<div class=\"WelcomePack\">\n<p><img loading=\"lazy\" decoding=\"async\" class=\"alignnone size-full wp-image-1342\" src=\"https:\/\/theluckycapone.com\/wp-content\/uploads\/2025\/12\/welcome-crown.svg\" alt=\"crown\" width=\"25\" height=\"26\" \/><\/p>\n<div class=\"WelcomePack-Info\">W\u00f6chentlicher Cashback von bis zu 25 %<\/div>\n<p><img loading=\"lazy\" decoding=\"async\" class=\"alignnone size-full wp-image-1342\" src=\"https:\/\/theluckycapone.com\/wp-content\/uploads\/2025\/12\/welcome-crown.svg\" alt=\"crown\" width=\"25\" height=\"26\" \/><\/p>\n<\/div>\n<\/div><div class=\"scrollable-content-wrap my-5\"><div class=\"scrollable-content-inner\"><h2>Registrieren Sie sich bei Luckycapone Casino<\/h2>\n<p>Wenn Sie ein Konto bei Luckycapone erstellen, erhalten Sie Zugriff auf alle Funktionen der Plattform. Bei der Registrierung erhalten Sie Zugang zu Spielen und Boni, k\u00f6nnen sicher Eink\u00e4ufe t\u00e4tigen und Hilfe bei der Kontoverwaltung erhalten. Zwei einfache Schritte sch\u00fctzen Ihre Daten und bereiten Sie auf das Spielen vor.<\/p>\n<h3>Anleitung zur Profilerstellung<\/h3>\n<p>Der Registrierungsprozess bei Lucky Capone besteht aus zwei Schritten:<\/p>\n<p>Stufe 1: Grundlegende Kontoerstellung<\/p>\n<ol>\n<li>Geben Sie ein starkes Passwort und Ihre E-Mail-Adresse ein.<\/li>\n<li>Lesen Sie die Allgemeinen Gesch\u00e4ftsbedingungen, aktivieren Sie das K\u00e4stchen, um Ihre Zustimmung zu zeigen, und klicken Sie auf die Schaltfl\u00e4che \u201eRegistrieren\u201c.<\/li>\n<\/ol>\n<p>Damit ist Ihr Grundprofil eingerichtet.<\/p>\n<p>Stufe 2: Vervollst\u00e4ndigen Sie Ihr Profil<\/p>\n<p>Direkt nach der Registrierung \u00f6ffnet sich sofort ein zweites Fenster.<\/p>\n<ol>\n<li>Geben Sie Ihre Telefonnummer, Ihren Vornamen, Nachnamen und Ihr Geburtsdatum ein.<\/li>\n<li>Klicken Sie auf \u201eSpeichern\u201c, um die Profilerstellung abzuschlie\u00dfen.<\/li>\n<\/ol>\n<p>Sie k\u00f6nnen nun Ihr Konto nutzen.<\/p>\n<table>\n<tbody>\n<tr>\n<td>Registrierungsfeld<\/td>\n<td>Zweck<\/td>\n<\/tr>\n<tr>\n<td>E-Mail &amp; Passwort<\/td>\n<td>Konto-Zugriff und Sicherheit<\/td>\n<\/tr>\n<tr>\n<td>Pers\u00f6nliche Daten<\/td>\n<td>Identit\u00e4ts\u00fcberpr\u00fcfung und Compliance<\/td>\n<\/tr>\n<tr>\n<td>Telefonnummer<\/td>\n<td>Kontowiederherstellung und Benachrichtigungen<\/td>\n<\/tr>\n<\/tbody>\n<\/table>\n<p>Beide Stufen dauern insgesamt weniger als drei Minuten. Bewahren Sie Ihre Login-Daten sicher auf und stellen Sie sicher, dass Ihre E-Mail-Adresse aktiv ist, da Sie dort wichtige Kontobenachrichtigungen erhalten.<\/p>\n<h2>Warum Sie ein Konto erstellen sollten<\/h2>\n<p>Ein registriertes Konto im Luckycapone Casino bietet eine Reihe von Vorteilen, die Sie beim einfachen Surfen nicht erhalten. Sie k\u00f6nnen Sonderangebote und Boni nutzen, die nur Mitgliedern zug\u00e4nglich sind. Ihre Spielhistorie bleibt \u00fcbersichtlich, sodass Sie Ihre Aktivit\u00e4ten leicht nachverfolgen und Ihr Geld verwalten k\u00f6nnen.<\/p>\n<p>Kontoinhaber k\u00f6nnen Geld \u00fcber eine Vielzahl sicherer Zahlungssysteme einzahlen und abheben. Die Plattform merkt sich Ihre Zahlungspr\u00e4ferenzen, was k\u00fcnftige Transaktionen beschleunigt. Sie erhalten au\u00dferdem Zugang zu mehrsprachigen Supportkan\u00e4len, die nur registrierten Nutzern vorbehalten sind.<\/p>\n<p>Sie k\u00f6nnen Ihre Erfahrung mit pers\u00f6nlichen Einstellungen individualisieren. Legen Sie Ihre eigenen Einzahlungslimits, Datenschutzpr\u00e4ferenzen und Benachrichtigungen fest. Alle diese Informationen werden an einem Ort auf Ihrem Konto-Dashboard angezeigt.<\/p>\n<p>Loyale Spieler k\u00f6nnen \u00fcber VIP-Stufen und Treueprogramme noch bessere Vorteile erhalten. Wenn Sie weiterhin spielen, verbessern sich diese Vorteile und bieten Ihnen mehr Boni und Sonderfunktionen, die nur Ihnen zur Verf\u00fcgung stehen.<\/p>\n<h2>Verifizierungsprozess und warum er wichtig ist<\/h2>\n<p>Die Konto\u00fcberpr\u00fcfung dient dem Schutz sowohl Ihrer Person als auch der Plattform. Diese Standard-Sicherheitsma\u00dfnahme verhindert Betrug und stellt die Einhaltung gesetzlicher Vorschriften sicher. Der Prozess umfasst typischerweise das Einreichen von Identit\u00e4tsdokumenten.<\/p>\n<p>Der Verifizierungsprozess erm\u00f6glicht Ihnen die Nutzung aller Funktionen. Nicht verifizierte Konten k\u00f6nnen einige Funktionen nicht nutzen und kein Geld abheben. Sie k\u00f6nnen Verz\u00f6gerungen bei der Auszahlung Ihrer Gewinne vermeiden, indem Sie den Verifizierungsprozess fr\u00fchzeitig durchf\u00fchren.<\/p>\n<p>Die Plattform \u00fcberpr\u00fcft Dokumente schnell, in der Regel innerhalb von 24 bis 48 Stunden. Nach Abschluss der Verifizierung erhalten Sie eine E-Mail. Halten Sie zur Erleichterung dieses Prozesses digitale Kopien Ihres Ausweises, eines Adressnachweises und Ihrer Zahlungsinformationen bereit.<\/p>\n<p>Verifizierte Konten haben h\u00f6here Transaktionslimits und eine schnellere Auszahlungsbearbeitung. Sie m\u00fcssen diesen Schritt nur einmal durchf\u00fchren, es sei denn, es gibt wesentliche \u00c4nderungen Ihrer Daten.<\/p>\n<h2>Melden Sie sich bei Lucky Capone Casino an<\/h2>\n<p>Nach der Registrierung ist der Zugriff auf Ihr Konto einfach. Gehen Sie auf die Luckycapone-Website. Die Schaltfl\u00e4che \u201eLogin\u201c befindet sich in der oberen rechten Ecke. Geben Sie Ihre registrierte E-Mail-Adresse und Ihr Passwort ein und klicken Sie, um auf Ihr Konto zuzugreifen.<\/p>\n<h3>Funktionen Ihres Kontos<\/h3>\n<p>Ihr Dashboard zeigt Ihr verf\u00fcgbares Guthaben, Ihre letzten Transaktionen und noch aktive Boni an. Nutzen Sie das Hauptmen\u00fc, um auf verschiedene Spieltypen zuzugreifen. Klicken Sie auf Ihren Benutzernamen, um zu Ihren Profil-Einstellungen zu gelangen.<\/p>\n<p>Legen Sie in Ihren Einstellungen Limits f\u00fcr verantwortungsvolles Spielen fest. Im Tab \u201ePromotionen\u201c k\u00f6nnen Sie Ihren Bonusstatus und die Umsatzbedingungen einsehen.<\/p>\n<p>\u00c4ndern Sie bei Bedarf Ihre pers\u00f6nlichen Daten in den Profil-Einstellungen. \u00c4ndern Sie aus Sicherheitsgr\u00fcnden regelm\u00e4\u00dfig Ihr Passwort. Aktivieren Sie, wenn m\u00f6glich, die Zwei-Faktor-Authentifizierung f\u00fcr zus\u00e4tzliche Sicherheit.<\/p>\n<h2>FAQ<\/h2>\n<h3>Wie lange dauert die Registrierung eines Kontos bei Luckycapone?<\/h3>\n<p>Die Registrierung dauert etwa zwei bis drei Minuten. Zuerst f\u00fcllen Sie grundlegende Informationen aus, dann folgen pers\u00f6nliche Details im zweiten Schritt. Sobald Sie beide Schritte abgeschlossen haben, ist Ihr Konto aktiv.<\/p>\n<h3>Kann ich die bei der Registrierung verwendete E-Mail-Adresse sp\u00e4ter \u00e4ndern?<\/h3>\n<p>Ja, nach dem Einloggen k\u00f6nnen Sie Ihre E-Mail-Adresse in den Einstellungen \u00e4ndern. Die Plattform kann aus Sicherheitsgr\u00fcnden eine zus\u00e4tzliche Verifizierung zur Best\u00e4tigung dieser \u00c4nderung verlangen. Wenn Sie Hilfe bei der E-Mail-Aktualisierung ben\u00f6tigen, wenden Sie sich \u00fcber Live-Chat oder E-Mail an das Kundenservice-Team.<\/p>\n<h3>Was soll ich tun, wenn ich mein Passwort vergesse?<\/h3>\n<p>Klicken Sie auf der Login-Seite auf den Link \u201ePasswort vergessen?\u201c. Geben Sie die bei der Registrierung verwendete E-Mail-Adresse ein, um Anweisungen zum Zur\u00fccksetzen zu erhalten. Folgen Sie dem Link in der E-Mail, um ein neues Passwort zu erstellen und wieder Zugriff auf Ihr Konto zu erhalten.<\/p>\n<\/div><\/div><\/p>\n","protected":false},"excerpt":{"rendered":"<p>Luckycapone Registrierungs- und Anmeldevorgang Der Start bei Luckycapone dauert nur wenige Minuten. Der Luckycapone-Login ist einfach, sodass Sie sofort auf Ihr Konto zugreifen und mit dem Spielen beginnen k\u00f6nnen. Erstellen Sie ein Konto oder melden Sie sich bei einem bestehenden an, um auf einen vollst\u00e4ndigen Spielekatalog und flexible Zahlungsoptionen zuzugreifen.<\/p>\n","protected":false},"author":1,"featured_media":0,"parent":0,"menu_order":0,"comment_status":"closed","ping_status":"closed","template":"template-builder.php","meta":{"_acf_changed":false,"inline_featured_image":false,"footnotes":""},"class_list":["post-1466","page","type-page","status-publish","hentry"],"acf":[],"yoast_head":"<!-- This site is optimized with the Yoast SEO plugin v27.3 - https:\/\/yoast.com\/product\/yoast-seo-wordpress\/ -->\n<title>Luckycapone Login | Sicherer Kontozugriff &amp; Registrierung<\/title>\n<meta name=\"description\" content=\"Mit dem Lucky Capone login erhalten Sie schnellen und sicheren Zugriff auf Ihr pers\u00f6nliches Casino-Konto. Erstellen Sie in Sekundenschnelle ein neues Profil oder melden Sie sich an, um Boni, Guthaben und Ihre Transaktionshistorie einzusehen.\" \/>\n<meta name=\"robots\" content=\"index, follow, max-snippet:-1, max-image-preview:large, max-video-preview:-1\" \/>\n<link rel=\"canonical\" href=\"https:\/\/theluckycapone.com\/de\/anmeldung-und-registrierung\/\" \/>\n<meta property=\"og:locale\" content=\"de_DE\" \/>\n<meta property=\"og:type\" content=\"article\" \/>\n<meta property=\"og:title\" content=\"Luckycapone Login | Sicherer Kontozugriff &amp; Registrierung\" \/>\n<meta property=\"og:description\" content=\"Mit dem Lucky Capone login erhalten Sie schnellen und sicheren Zugriff auf Ihr pers\u00f6nliches Casino-Konto. Erstellen Sie in Sekundenschnelle ein neues Profil oder melden Sie sich an, um Boni, Guthaben und Ihre Transaktionshistorie einzusehen.\" \/>\n<meta property=\"og:url\" content=\"https:\/\/theluckycapone.com\/de\/anmeldung-und-registrierung\/\" \/>\n<meta property=\"og:site_name\" content=\"luckycapone\" \/>\n<meta property=\"article:modified_time\" content=\"2025-12-24T11:03:39+00:00\" \/>\n<meta name=\"twitter:card\" content=\"summary_large_image\" \/>\n<meta name=\"twitter:label1\" content=\"Gesch\u00e4tzte Lesezeit\" \/>\n\t<meta name=\"twitter:data1\" content=\"1\u00a0Minute\" \/>\n<script type=\"application\/ld+json\" class=\"yoast-schema-graph\">{\"@context\":\"https:\\\/\\\/schema.org\",\"@graph\":[{\"@type\":\"WebPage\",\"@id\":\"https:\\\/\\\/theluckycapone.com\\\/de\\\/anmeldung-und-registrierung\\\/\",\"url\":\"https:\\\/\\\/theluckycapone.com\\\/de\\\/anmeldung-und-registrierung\\\/\",\"name\":\"Luckycapone Login | Sicherer Kontozugriff & Registrierung\",\"isPartOf\":{\"@id\":\"https:\\\/\\\/theluckycapone.com\\\/de\\\/#website\"},\"datePublished\":\"2025-12-24T06:32:38+00:00\",\"dateModified\":\"2025-12-24T11:03:39+00:00\",\"description\":\"Mit dem Lucky Capone login erhalten Sie schnellen und sicheren Zugriff auf Ihr pers\u00f6nliches Casino-Konto. Erstellen Sie in Sekundenschnelle ein neues Profil oder melden Sie sich an, um Boni, Guthaben und Ihre Transaktionshistorie einzusehen.\",\"breadcrumb\":{\"@id\":\"https:\\\/\\\/theluckycapone.com\\\/de\\\/anmeldung-und-registrierung\\\/#breadcrumb\"},\"inLanguage\":\"de\",\"potentialAction\":[{\"@type\":\"ReadAction\",\"target\":[\"https:\\\/\\\/theluckycapone.com\\\/de\\\/anmeldung-und-registrierung\\\/\"]}]},{\"@type\":\"BreadcrumbList\",\"@id\":\"https:\\\/\\\/theluckycapone.com\\\/de\\\/anmeldung-und-registrierung\\\/#breadcrumb\",\"itemListElement\":[{\"@type\":\"ListItem\",\"position\":1,\"name\":\"Luckycapone\",\"item\":\"https:\\\/\\\/theluckycapone.com\\\/de\\\/\"},{\"@type\":\"ListItem\",\"position\":2,\"name\":\"Anmeldung und Registrierung\"}]},{\"@type\":\"WebSite\",\"@id\":\"https:\\\/\\\/theluckycapone.com\\\/de\\\/#website\",\"url\":\"https:\\\/\\\/theluckycapone.com\\\/de\\\/\",\"name\":\"Luckycapone\",\"description\":\"\",\"publisher\":{\"@id\":\"https:\\\/\\\/theluckycapone.com\\\/de\\\/#organization\"},\"potentialAction\":[{\"@type\":\"SearchAction\",\"target\":{\"@type\":\"EntryPoint\",\"urlTemplate\":\"https:\\\/\\\/theluckycapone.com\\\/de\\\/?s={search_term_string}\"},\"query-input\":{\"@type\":\"PropertyValueSpecification\",\"valueRequired\":true,\"valueName\":\"search_term_string\"}}],\"inLanguage\":\"de\"},{\"@type\":\"Organization\",\"@id\":\"https:\\\/\\\/theluckycapone.com\\\/de\\\/#organization\",\"name\":\"Luckycapone\",\"url\":\"https:\\\/\\\/theluckycapone.com\\\/de\\\/\",\"logo\":{\"@type\":\"ImageObject\",\"inLanguage\":\"de\",\"@id\":\"https:\\\/\\\/theluckycapone.com\\\/de\\\/#\\\/schema\\\/logo\\\/image\\\/\",\"url\":\"https:\\\/\\\/theluckycapone.com\\\/wp-content\\\/uploads\\\/2025\\\/12\\\/logo-luckycapone.svg\",\"contentUrl\":\"https:\\\/\\\/theluckycapone.com\\\/wp-content\\\/uploads\\\/2025\\\/12\\\/logo-luckycapone.svg\",\"width\":70,\"height\":24,\"caption\":\"Luckycapone\"},\"image\":{\"@id\":\"https:\\\/\\\/theluckycapone.com\\\/de\\\/#\\\/schema\\\/logo\\\/image\\\/\"}}]}<\/script>\n<!-- \/ Yoast SEO plugin. -->","yoast_head_json":{"title":"Luckycapone Login | Sicherer Kontozugriff & Registrierung","description":"Mit dem Lucky Capone login erhalten Sie schnellen und sicheren Zugriff auf Ihr pers\u00f6nliches Casino-Konto. Erstellen Sie in Sekundenschnelle ein neues Profil oder melden Sie sich an, um Boni, Guthaben und Ihre Transaktionshistorie einzusehen.","robots":{"index":"index","follow":"follow","max-snippet":"max-snippet:-1","max-image-preview":"max-image-preview:large","max-video-preview":"max-video-preview:-1"},"canonical":"https:\/\/theluckycapone.com\/de\/anmeldung-und-registrierung\/","og_locale":"de_DE","og_type":"article","og_title":"Luckycapone Login | Sicherer Kontozugriff & Registrierung","og_description":"Mit dem Lucky Capone login erhalten Sie schnellen und sicheren Zugriff auf Ihr pers\u00f6nliches Casino-Konto. Erstellen Sie in Sekundenschnelle ein neues Profil oder melden Sie sich an, um Boni, Guthaben und Ihre Transaktionshistorie einzusehen.","og_url":"https:\/\/theluckycapone.com\/de\/anmeldung-und-registrierung\/","og_site_name":"luckycapone","article_modified_time":"2025-12-24T11:03:39+00:00","twitter_card":"summary_large_image","twitter_misc":{"Gesch\u00e4tzte Lesezeit":"1\u00a0Minute"},"schema":{"@context":"https:\/\/schema.org","@graph":[{"@type":"WebPage","@id":"https:\/\/theluckycapone.com\/de\/anmeldung-und-registrierung\/","url":"https:\/\/theluckycapone.com\/de\/anmeldung-und-registrierung\/","name":"Luckycapone Login | Sicherer Kontozugriff & Registrierung","isPartOf":{"@id":"https:\/\/theluckycapone.com\/de\/#website"},"datePublished":"2025-12-24T06:32:38+00:00","dateModified":"2025-12-24T11:03:39+00:00","description":"Mit dem Lucky Capone login erhalten Sie schnellen und sicheren Zugriff auf Ihr pers\u00f6nliches Casino-Konto. Erstellen Sie in Sekundenschnelle ein neues Profil oder melden Sie sich an, um Boni, Guthaben und Ihre Transaktionshistorie einzusehen.","breadcrumb":{"@id":"https:\/\/theluckycapone.com\/de\/anmeldung-und-registrierung\/#breadcrumb"},"inLanguage":"de","potentialAction":[{"@type":"ReadAction","target":["https:\/\/theluckycapone.com\/de\/anmeldung-und-registrierung\/"]}]},{"@type":"BreadcrumbList","@id":"https:\/\/theluckycapone.com\/de\/anmeldung-und-registrierung\/#breadcrumb","itemListElement":[{"@type":"ListItem","position":1,"name":"Luckycapone","item":"https:\/\/theluckycapone.com\/de\/"},{"@type":"ListItem","position":2,"name":"Anmeldung und Registrierung"}]},{"@type":"WebSite","@id":"https:\/\/theluckycapone.com\/de\/#website","url":"https:\/\/theluckycapone.com\/de\/","name":"Luckycapone","description":"","publisher":{"@id":"https:\/\/theluckycapone.com\/de\/#organization"},"potentialAction":[{"@type":"SearchAction","target":{"@type":"EntryPoint","urlTemplate":"https:\/\/theluckycapone.com\/de\/?s={search_term_string}"},"query-input":{"@type":"PropertyValueSpecification","valueRequired":true,"valueName":"search_term_string"}}],"inLanguage":"de"},{"@type":"Organization","@id":"https:\/\/theluckycapone.com\/de\/#organization","name":"Luckycapone","url":"https:\/\/theluckycapone.com\/de\/","logo":{"@type":"ImageObject","inLanguage":"de","@id":"https:\/\/theluckycapone.com\/de\/#\/schema\/logo\/image\/","url":"https:\/\/theluckycapone.com\/wp-content\/uploads\/2025\/12\/logo-luckycapone.svg","contentUrl":"https:\/\/theluckycapone.com\/wp-content\/uploads\/2025\/12\/logo-luckycapone.svg","width":70,"height":24,"caption":"Luckycapone"},"image":{"@id":"https:\/\/theluckycapone.com\/de\/#\/schema\/logo\/image\/"}}]}},"_links":{"self":[{"href":"https:\/\/theluckycapone.com\/de\/wp-json\/wp\/v2\/pages\/1466","targetHints":{"allow":["GET"]}}],"collection":[{"href":"https:\/\/theluckycapone.com\/de\/wp-json\/wp\/v2\/pages"}],"about":[{"href":"https:\/\/theluckycapone.com\/de\/wp-json\/wp\/v2\/types\/page"}],"author":[{"embeddable":true,"href":"https:\/\/theluckycapone.com\/de\/wp-json\/wp\/v2\/users\/1"}],"replies":[{"embeddable":true,"href":"https:\/\/theluckycapone.com\/de\/wp-json\/wp\/v2\/comments?post=1466"}],"version-history":[{"count":2,"href":"https:\/\/theluckycapone.com\/de\/wp-json\/wp\/v2\/pages\/1466\/revisions"}],"predecessor-version":[{"id":1616,"href":"https:\/\/theluckycapone.com\/de\/wp-json\/wp\/v2\/pages\/1466\/revisions\/1616"}],"wp:attachment":[{"href":"https:\/\/theluckycapone.com\/de\/wp-json\/wp\/v2\/media?parent=1466"}],"curies":[{"name":"wp","href":"https:\/\/api.w.org\/{rel}","templated":true}]}}