{"id":1425,"date":"2025-12-24T06:30:13","date_gmt":"2025-12-24T06:30:13","guid":{"rendered":"https:\/\/theluckycapone.com\/app-2\/"},"modified":"2025-12-24T09:08:04","modified_gmt":"2025-12-24T09:08:04","slug":"app","status":"publish","type":"page","link":"https:\/\/theluckycapone.com\/de\/app\/","title":{"rendered":"App"},"content":{"rendered":"<h1>Luckycapone App f\u00fcr Mobilger\u00e4te<\/h1>\n<p>Die Luckycapone App bringt das vollst\u00e4ndige Spielerlebnis direkt auf Ihr Telefon. Sie k\u00f6nnen \u00fcber eine einfache Oberfl\u00e4che, die sowohl auf Android- als auch auf iOS-Ger\u00e4ten funktioniert, auf alle Casino-Funktionen zugreifen. Die App beh\u00e4lt alle Funktionen der Desktop-Version bei und macht die Steuerung und Layouts f\u00fcr Touchscreens einfacher zu bedienen.<\/p>\n<p><div class=\"banner-wrap\" aria-label=\"Banner\"><img src=\"https:\/\/theluckycapone.com\/wp-content\/uploads\/2025\/12\/Luckycapone-banner.webp\" class=\"w-100 d-none d-lg-block img-pc main-banner-img\" alt=\"Luckycapone banner\" fetchpriority=\"high\" decoding=\"async\"><img src=\"https:\/\/theluckycapone.com\/wp-content\/uploads\/2025\/12\/Mobile-banner.webp\" class=\"w-100 d-none d-md-block d-lg-none main-banner-img\" alt=\"Luckycapone Mobile banner\" fetchpriority=\"high\" decoding=\"async\"><img src=\"https:\/\/theluckycapone.com\/wp-content\/uploads\/2025\/12\/Mobile-banner.webp\" class=\"w-100 d-md-none\" alt=\"Luckycapone Mobile banner\" fetchpriority=\"high\" decoding=\"async\"><div class=\"banner-description\">\n<div class=\"banner-title\">Willkommensboni<\/div>\n<p class=\"banner-header-title\">1500 \u20ac<\/p>\n<div class=\"banner-header-AdditionalText\">+ 250 Freispiele<\/div>\n<button data-item=\"homepage_banner_link\" class=\"goto m-button m-gradient-border m-button--primary m-button--large banner-button btn-orange\">\n            <div class=\"m-button-content\">\n                <span>Jetzt anmelden<\/span>\n                <span><\/span>\n            <\/div>\n        <\/button>\n<\/div>\n<div class=\"WelcomePack\">\n<p><img loading=\"lazy\" decoding=\"async\" class=\"alignnone size-full wp-image-1342\" src=\"https:\/\/theluckycapone.com\/wp-content\/uploads\/2025\/12\/welcome-crown.svg\" alt=\"crown\" width=\"25\" height=\"26\" \/><\/p>\n<div class=\"WelcomePack-Info\">W\u00f6chentlicher Cashback von bis zu 25 %<\/div>\n<p><img loading=\"lazy\" decoding=\"async\" class=\"alignnone size-full wp-image-1342\" src=\"https:\/\/theluckycapone.com\/wp-content\/uploads\/2025\/12\/welcome-crown.svg\" alt=\"crown\" width=\"25\" height=\"26\" \/><\/p>\n<\/div>\n<\/div><div class=\"scrollable-content-wrap my-5\"><div class=\"scrollable-content-inner\"><h2>Android-App f\u00fcr Lucky Capone<\/h2>\n<p>Android-Nutzer k\u00f6nnen die volle Funktionalit\u00e4t nativer Apps erhalten, indem sie sie als PWAs installieren. Die App funktioniert auf Android 6.0 und neueren Versionen und kann somit auf den meisten Ger\u00e4ten der letzten sieben Jahre genutzt werden. Sie erhalten Push-Benachrichtigungen f\u00fcr Angebote, k\u00f6nnen Ihren Fingerabdruck f\u00fcr schnelles Login nutzen und auf Ihre Spielhistorie und Kontoeinstellungen zugreifen.<\/p>\n<p>Wenn Sie Fragen zum Installationsprozess oder anderen Problemen haben, kontaktieren Sie gerne unser Support-Team per Live-Chat oder E-Mail.<\/p>\n<h3>So richten Sie die App ein<\/h3>\n<ol>\n<li>Rufen Sie die Luckycapone-Website \u00fcber Chrome oder einen anderen Browser auf.<\/li>\n<li>Klicken Sie auf das Dreipunkt-Men\u00fcsymbol in der oberen rechten Ecke.<\/li>\n<li>W\u00e4hlen Sie \u201eZum Startbildschirm hinzuf\u00fcgen\u201c aus der Liste.<\/li>\n<li>Tippen Sie im Pop-up-Fenster auf \u201eHinzuf\u00fcgen\u201c, um zu best\u00e4tigen.<\/li>\n<li>Wenn Sie nun auf die Website-Verkn\u00fcpfung klicken, \u00f6ffnet sie sich in einem separaten Browserfenster ohne Adressleiste, genau wie eine App.<\/li>\n<\/ol>\n<p><img loading=\"lazy\" decoding=\"async\" src=\"https:\/\/theluckycapone.com\/wp-content\/uploads\/2025\/12\/Luckycapone-iOS.webp\" alt=\"Luckycapone Android\" width=\"1248\" height=\"536\" \/><\/p>\n<\/div><\/div><div style=\"clear: both\"><\/div><div class=\"d-flex justify-content-center\"><button data-item=\"decouvrez_link\" data-group=\"website_links\" class=\"goto fw-bold rounded-pill btn btn-orange\" aria-label=\"Laden Sie die Luckycapone-App herunter\" >Laden Sie die Luckycapone-App herunter<\/button><\/div><\/p>\n<h2>Vorteile der Luckycapone App<\/h2>\n<p>Die mobile Casino-App macht das Spielen auf einem kleinen Bildschirm einfacher, ohne dabei Funktionen des Luckycapone Casinos zu verlieren. Spielautomaten funktionieren am besten im Hochformat, Tischspiele wie Blackjack und Roulette jedoch besser im Querformat. Anstatt eine Maus zu verwenden, ber\u00fchren Sie mit Ihren Fingern den Bildschirm, was das Platzieren von Eins\u00e4tzen oder Drehen der Walzen erleichtert.<\/p>\n<p>Die Akkulaufzeit bleibt auch bei langem Spielen gut. Die App verwendet Hardwarebeschleunigung f\u00fcr die Grafikdarstellung, was den Prozessor weniger belastet als das Spielen in einem Webbrowser. Sie k\u00f6nnen die App minimieren und sp\u00e4ter zur\u00fcckkehren, ohne Ihren Fortschritt oder die Verbindung zu Live-Spielen zu verlieren.<\/p>\n<p>Die Anmeldung per Fingerabdruck oder Gesichtserkennung ist schneller als das Eingeben eines Passworts. Die App merkt sich Ihre Auswahl f\u00fcr Anzeigeeinstellungen und Einsatzlimits. Push-Benachrichtigungen informieren Sie \u00fcber Einzahlungsboni und best\u00e4tigte Auszahlungen, sodass Sie nicht st\u00e4ndig die Website \u00fcberpr\u00fcfen m\u00fcssen.<\/p>\n<table>\n<tbody>\n<tr>\n<td>Aspekt<\/td>\n<td>Mobile App<\/td>\n<td>Desktop-Browser<\/td>\n<\/tr>\n<tr>\n<td>Bildschirmausrichtung<\/td>\n<td>Vertikal und horizontal<\/td>\n<td>Nur horizontal<\/td>\n<\/tr>\n<tr>\n<td>Anmeldemethode<\/td>\n<td>Biometrische Authentifizierung<\/td>\n<td>Passworteingabe<\/td>\n<\/tr>\n<tr>\n<td>Benachrichtigungen<\/td>\n<td>Push-Mitteilungen<\/td>\n<td>Nur E-Mail<\/td>\n<\/tr>\n<tr>\n<td>Leistung<\/td>\n<td>Hardwarebeschleunigt<\/td>\n<td>Browserabh\u00e4ngig<\/td>\n<\/tr>\n<\/tbody>\n<\/table>\n<p>Die App verwendet optimiertes Laden von Assets, um den Datenverbrauch zu senken. Spieledateien und Bilder werden in einer Aufl\u00f6sung heruntergeladen, die zu Ihrem Bildschirm passt, anstatt in bester Qualit\u00e4t. Dies verbraucht etwa 30 % weniger Bandbreite als mobile Browser, die versuchen, Inhalte in voller Aufl\u00f6sung zu laden.<\/p>\n<p><div class=\"scrollable-content-wrap my-5\"><div class=\"scrollable-content-inner\"><h2>Luckycapone f\u00fcr PC herunterladen<\/h2>\n<p>Desktop-Nutzer k\u00f6nnen Luckycapone \u00fcber eine Progressive Web App nutzen, die wie ein natives Programm funktioniert.<\/p>\n<ol>\n<li>Rufen Sie mit Chrome, Edge oder einem anderen Chromium-basierten Browser die offizielle Luckycapone-Website auf.<\/li>\n<li>Klicken Sie auf den Installationsbutton in der Adressleiste, der sich normalerweise rechts befindet.<\/li>\n<li>Der Browser fordert Sie auf, die Installation zu best\u00e4tigen.<\/li>\n<li>Die Luckycapone-App erscheint auf Ihrem Desktop oder in Ihrem Apps-Men\u00fc, sobald die Installation abgeschlossen ist.<\/li>\n<\/ol>\n<p>Die Desktop-PWA l\u00e4dt schneller als ein normaler Webbrowser, da sie wichtige Dateien auf Ihrem Computer speichert. Sie erhalten ein separates Fenster ohne Browser-Symbolleisten, was f\u00fcr einen saubereren Arbeitsbereich sorgt. Updates erfolgen automatisch im Hintergrund, sodass Sie nichts selbst herunterladen m\u00fcssen, um die neueste Version zu nutzen.<\/p>\n<table>\n<tbody>\n<tr>\n<td>Funktion<\/td>\n<td>Desktop-PWA<\/td>\n<td>Browser-Zugriff<\/td>\n<\/tr>\n<tr>\n<td>Ladegeschwindigkeit<\/td>\n<td>Schnell<\/td>\n<td>Mittel<\/td>\n<\/tr>\n<tr>\n<td>Oberfl\u00e4che<\/td>\n<td>Eigenst\u00e4ndiges Fenster<\/td>\n<td>Browser-Tab<\/td>\n<\/tr>\n<tr>\n<td>Updates<\/td>\n<td>Automatisch<\/td>\n<td>Manuelles Aktualisieren<\/td>\n<\/tr>\n<tr>\n<td>Speicherung<\/td>\n<td>Lokaler Cache<\/td>\n<td>Sitzungsbasiert<\/td>\n<\/tr>\n<\/tbody>\n<\/table>\n<p><img loading=\"lazy\" decoding=\"async\" src=\"https:\/\/theluckycapone.com\/wp-content\/uploads\/2025\/12\/Luckycapone-Desktop.webp\" alt=\"Luckycapone Desktop\" width=\"1248\" height=\"536\" \/><\/p>\n<\/div><\/div><div style=\"clear: both\"><\/div><div class=\"d-flex justify-content-center\"><button data-item=\"decouvrez_link\" data-group=\"website_links\" class=\"goto fw-bold rounded-pill btn btn-orange\" aria-label=\"Luckycapone herunterladen\" >Luckycapone herunterladen<\/button><\/div><div class=\"scrollable-content-wrap my-5\"><div class=\"scrollable-content-inner\"><h2>App f\u00fcr iPhones und iPads<\/h2>\n<p>iOS-Nutzer k\u00f6nnen die Safari-Funktion \u201eZum Home-Bildschirm\u201c verwenden, um eine Progressive Web App f\u00fcr Luckycapone zu erstellen. Diese Methode funktioniert auf iPhones mit iOS 13 oder neuer und allen iPads ab 2017. Sie ben\u00f6tigen keinen App-Store-Account oder zus\u00e4tzliche Berechtigungen f\u00fcr die Installation, und es dauert weniger als eine Minute.<\/p>\n<h3>Einrichtung der iOS-App<\/h3>\n<ol>\n<li>\u00d6ffnen Sie Safari und rufen Sie die Luckycapone-Website auf.<\/li>\n<li>Tippen Sie unten auf dem Bildschirm auf die Schaltfl\u00e4che, die wie ein Quadrat mit einem nach oben zeigenden Pfeil aussieht.<\/li>\n<li>Gehen Sie zum Optionsmen\u00fc und w\u00e4hlen Sie \u201eZum Home-Bildschirm\u201c.<\/li>\n<li>Sie k\u00f6nnen einen anderen Namen eingeben oder den Standardnamen \u201eLuckycapone\u201c belassen.<\/li>\n<li>Tippen Sie zur Best\u00e4tigung oben rechts auf \u201eHinzuf\u00fcgen\u201c.<\/li>\n<\/ol>\n<p>Das Lucky Capone-Symbol erscheint neben Ihren anderen Apps auf dem Startbildschirm. Wenn Sie es antippen, \u00f6ffnet sich die Website im eigenst\u00e4ndigen Modus, der die Adressleiste und Navigationsschaltfl\u00e4chen in Safari ausblendet. Dies bietet den Nutzern ein App-\u00e4hnliches Erlebnis, w\u00e4hrend alle Funktionen einer Website erhalten bleiben. Wenn Sie die App mit Internetverbindung \u00f6ffnen, aktualisiert iOS automatisch die zwischengespeicherten Dateien.<\/p>\n<p>F\u00fcr iPad-Nutzer zeigt das Querformat die Spiele in voller Pracht mit sehr wenigen Oberfl\u00e4chenelementen. Der Hochformat-Modus eignet sich gut zum Durchsuchen von Spielkategorien und zum \u00c4ndern der Kontoeinstellungen. Mehrfenster-Multitasking erm\u00f6glicht es, mehrere Dinge gleichzeitig zu erledigen. Sie k\u00f6nnen Luckycapone ge\u00f6ffnet lassen, w\u00e4hrend Sie Ihre E-Mails checken oder andere Apps nutzen.<\/p>\n<p><img loading=\"lazy\" decoding=\"async\" src=\"https:\/\/theluckycapone.com\/wp-content\/uploads\/2025\/12\/Luckycapone-Android.webp\" alt=\"Luckycapone iOS\" width=\"1248\" height=\"536\" \/><\/p>\n<\/div><\/div><div style=\"clear: both\"><\/div><div class=\"d-flex justify-content-center\"><button data-item=\"decouvrez_link\" data-group=\"website_links\" class=\"goto fw-bold rounded-pill btn btn-orange\" aria-label=\"Laden Sie die Luckycapone-App herunter\" >Laden Sie die Luckycapone-App herunter<\/button><\/div><div class=\"scrollable-content-wrap my-5\"><div class=\"scrollable-content-inner\"><h2>H\u00e4ufig gestellte Fragen<\/h2>\n<h3>Hat Lucky Capone Offline-Modi oder ben\u00f6tigt Internetzugang?<\/h3>\n<p>F\u00fcr alle Spielaktivit\u00e4ten und Transaktionen mit Echtgeld muss die App mit dem Internet verbunden sein. Wenn Sie nicht verbunden sind, k\u00f6nnen Sie nur Ihren Kontoverlauf ansehen, den Verifizierungsprozess pr\u00fcfen und bereits zwischengespeicherte Spielregeln durchgehen. Sie k\u00f6nnen Mobilfunkdaten oder WiFi verwenden, aber f\u00fcr das beste Spielerlebnis sollte Ihre Verbindung mindestens 3 Mbit\/s betragen. Live-Dealer-Spiele ben\u00f6tigen schnellere Verbindungen, idealerweise 5 Mbit\/s oder mehr, um Video-Pufferung zu vermeiden.<\/p>\n<h3>Kann ich mein Konto sowohl auf Mobilger\u00e4t als auch Desktop nutzen?<\/h3>\n<p>Sie k\u00f6nnen Ihr Lucky Capone-Konto auf jedem Ger\u00e4t nutzen, ohne sich erneut registrieren zu m\u00fcssen. Sie k\u00f6nnen sich auf Ihrem Telefon, Computer oder Tablet mit demselben Benutzernamen und Passwort anmelden. Unabh\u00e4ngig vom verwendeten Ger\u00e4t werden Ihr Kontostand, Ihr Bonusfortschritt und Ihre Spielhistorie automatisch synchronisiert. Sie k\u00f6nnen ein Spiel auf Ihrem Telefon beginnen und sp\u00e4ter genau an der gleichen Stelle auf Ihrem Desktop-Computer weiterspielen, ohne \u00c4nderungen an Ihrem Konto.<\/p>\n<h3>Kann man alle Spiele in der mobilen App spielen oder nur einige?<\/h3>\n<p>Die mobile App erm\u00f6glicht es Ihnen, alle Spiele zu sehen, die in der Desktop-Version verf\u00fcgbar sind. Dazu geh\u00f6ren Spiele wie Online-Slots, Tischspiele, Live-Dealer und spezielle Titel. Einige \u00e4ltere Spiele k\u00f6nnen auf Mobilbildschirmen aufgrund von Layout\u00e4nderungen anders aussehen, funktionieren aber auf die gleiche Weise. Neue Spiele erscheinen gleichzeitig auf Mobilger\u00e4ten und Desktop, sodass beide Plattformen gleichwertig sind.<\/p>\n<\/div><\/div><\/p>\n","protected":false},"excerpt":{"rendered":"<p>Luckycapone App f\u00fcr Mobilger\u00e4te Die Luckycapone App bringt das vollst\u00e4ndige Spielerlebnis direkt auf Ihr Telefon. Sie k\u00f6nnen \u00fcber eine einfache Oberfl\u00e4che, die sowohl auf Android- als auch auf iOS-Ger\u00e4ten funktioniert, auf alle Casino-Funktionen zugreifen. Die App beh\u00e4lt alle Funktionen der Desktop-Version bei und macht die Steuerung und Layouts f\u00fcr Touchscreens einfacher zu bedienen. Vorteile der [&hellip;]<\/p>\n","protected":false},"author":1,"featured_media":0,"parent":0,"menu_order":0,"comment_status":"closed","ping_status":"closed","template":"template-builder.php","meta":{"_acf_changed":false,"inline_featured_image":false,"footnotes":""},"class_list":["post-1425","page","type-page","status-publish","hentry"],"acf":[],"yoast_head":"<!-- This site is optimized with the Yoast SEO plugin v27.3 - https:\/\/yoast.com\/product\/yoast-seo-wordpress\/ -->\n<title>Luckycapone App | Mobiles Casino f\u00fcr Android und iOS<\/title>\n<meta name=\"description\" content=\"Nimm die offizielle Lucky Capone App f\u00fcr iOS, Android, Windows und macOS \u00fcberallhin mit. Genie\u00dfe sofortigen Zugriff auf Spielautomaten, Jackpots und Live-Dealer-Spiele mit reibungsloser Performance.\" \/>\n<meta name=\"robots\" content=\"index, follow, max-snippet:-1, max-image-preview:large, max-video-preview:-1\" \/>\n<link rel=\"canonical\" href=\"https:\/\/theluckycapone.com\/de\/app\/\" \/>\n<meta property=\"og:locale\" content=\"de_DE\" \/>\n<meta property=\"og:type\" content=\"article\" \/>\n<meta property=\"og:title\" content=\"Luckycapone App | Mobiles Casino f\u00fcr Android und iOS\" \/>\n<meta property=\"og:description\" content=\"Nimm die offizielle Lucky Capone App f\u00fcr iOS, Android, Windows und macOS \u00fcberallhin mit. Genie\u00dfe sofortigen Zugriff auf Spielautomaten, Jackpots und Live-Dealer-Spiele mit reibungsloser Performance.\" \/>\n<meta property=\"og:url\" content=\"https:\/\/theluckycapone.com\/de\/app\/\" \/>\n<meta property=\"og:site_name\" content=\"luckycapone\" \/>\n<meta property=\"article:modified_time\" content=\"2025-12-24T09:08:04+00:00\" \/>\n<meta name=\"twitter:card\" content=\"summary_large_image\" \/>\n<meta name=\"twitter:label1\" content=\"Gesch\u00e4tzte Lesezeit\" \/>\n\t<meta name=\"twitter:data1\" content=\"2\u00a0Minuten\" \/>\n<script type=\"application\/ld+json\" class=\"yoast-schema-graph\">{\"@context\":\"https:\\\/\\\/schema.org\",\"@graph\":[{\"@type\":\"WebPage\",\"@id\":\"https:\\\/\\\/theluckycapone.com\\\/de\\\/app\\\/\",\"url\":\"https:\\\/\\\/theluckycapone.com\\\/de\\\/app\\\/\",\"name\":\"Luckycapone App | Mobiles Casino f\u00fcr Android und iOS\",\"isPartOf\":{\"@id\":\"https:\\\/\\\/theluckycapone.com\\\/de\\\/#website\"},\"datePublished\":\"2025-12-24T06:30:13+00:00\",\"dateModified\":\"2025-12-24T09:08:04+00:00\",\"description\":\"Nimm die offizielle Lucky Capone App f\u00fcr iOS, Android, Windows und macOS \u00fcberallhin mit. Genie\u00dfe sofortigen Zugriff auf Spielautomaten, Jackpots und Live-Dealer-Spiele mit reibungsloser Performance.\",\"breadcrumb\":{\"@id\":\"https:\\\/\\\/theluckycapone.com\\\/de\\\/app\\\/#breadcrumb\"},\"inLanguage\":\"de\",\"potentialAction\":[{\"@type\":\"ReadAction\",\"target\":[\"https:\\\/\\\/theluckycapone.com\\\/de\\\/app\\\/\"]}]},{\"@type\":\"BreadcrumbList\",\"@id\":\"https:\\\/\\\/theluckycapone.com\\\/de\\\/app\\\/#breadcrumb\",\"itemListElement\":[{\"@type\":\"ListItem\",\"position\":1,\"name\":\"Luckycapone\",\"item\":\"https:\\\/\\\/theluckycapone.com\\\/de\\\/\"},{\"@type\":\"ListItem\",\"position\":2,\"name\":\"App\"}]},{\"@type\":\"WebSite\",\"@id\":\"https:\\\/\\\/theluckycapone.com\\\/de\\\/#website\",\"url\":\"https:\\\/\\\/theluckycapone.com\\\/de\\\/\",\"name\":\"Luckycapone\",\"description\":\"\",\"publisher\":{\"@id\":\"https:\\\/\\\/theluckycapone.com\\\/de\\\/#organization\"},\"potentialAction\":[{\"@type\":\"SearchAction\",\"target\":{\"@type\":\"EntryPoint\",\"urlTemplate\":\"https:\\\/\\\/theluckycapone.com\\\/de\\\/?s={search_term_string}\"},\"query-input\":{\"@type\":\"PropertyValueSpecification\",\"valueRequired\":true,\"valueName\":\"search_term_string\"}}],\"inLanguage\":\"de\"},{\"@type\":\"Organization\",\"@id\":\"https:\\\/\\\/theluckycapone.com\\\/de\\\/#organization\",\"name\":\"Luckycapone\",\"url\":\"https:\\\/\\\/theluckycapone.com\\\/de\\\/\",\"logo\":{\"@type\":\"ImageObject\",\"inLanguage\":\"de\",\"@id\":\"https:\\\/\\\/theluckycapone.com\\\/de\\\/#\\\/schema\\\/logo\\\/image\\\/\",\"url\":\"https:\\\/\\\/theluckycapone.com\\\/wp-content\\\/uploads\\\/2025\\\/12\\\/logo-luckycapone.svg\",\"contentUrl\":\"https:\\\/\\\/theluckycapone.com\\\/wp-content\\\/uploads\\\/2025\\\/12\\\/logo-luckycapone.svg\",\"width\":70,\"height\":24,\"caption\":\"Luckycapone\"},\"image\":{\"@id\":\"https:\\\/\\\/theluckycapone.com\\\/de\\\/#\\\/schema\\\/logo\\\/image\\\/\"}}]}<\/script>\n<!-- \/ Yoast SEO plugin. -->","yoast_head_json":{"title":"Luckycapone App | Mobiles Casino f\u00fcr Android und iOS","description":"Nimm die offizielle Lucky Capone App f\u00fcr iOS, Android, Windows und macOS \u00fcberallhin mit. Genie\u00dfe sofortigen Zugriff auf Spielautomaten, Jackpots und Live-Dealer-Spiele mit reibungsloser Performance.","robots":{"index":"index","follow":"follow","max-snippet":"max-snippet:-1","max-image-preview":"max-image-preview:large","max-video-preview":"max-video-preview:-1"},"canonical":"https:\/\/theluckycapone.com\/de\/app\/","og_locale":"de_DE","og_type":"article","og_title":"Luckycapone App | Mobiles Casino f\u00fcr Android und iOS","og_description":"Nimm die offizielle Lucky Capone App f\u00fcr iOS, Android, Windows und macOS \u00fcberallhin mit. Genie\u00dfe sofortigen Zugriff auf Spielautomaten, Jackpots und Live-Dealer-Spiele mit reibungsloser Performance.","og_url":"https:\/\/theluckycapone.com\/de\/app\/","og_site_name":"luckycapone","article_modified_time":"2025-12-24T09:08:04+00:00","twitter_card":"summary_large_image","twitter_misc":{"Gesch\u00e4tzte Lesezeit":"2\u00a0Minuten"},"schema":{"@context":"https:\/\/schema.org","@graph":[{"@type":"WebPage","@id":"https:\/\/theluckycapone.com\/de\/app\/","url":"https:\/\/theluckycapone.com\/de\/app\/","name":"Luckycapone App | Mobiles Casino f\u00fcr Android und iOS","isPartOf":{"@id":"https:\/\/theluckycapone.com\/de\/#website"},"datePublished":"2025-12-24T06:30:13+00:00","dateModified":"2025-12-24T09:08:04+00:00","description":"Nimm die offizielle Lucky Capone App f\u00fcr iOS, Android, Windows und macOS \u00fcberallhin mit. Genie\u00dfe sofortigen Zugriff auf Spielautomaten, Jackpots und Live-Dealer-Spiele mit reibungsloser Performance.","breadcrumb":{"@id":"https:\/\/theluckycapone.com\/de\/app\/#breadcrumb"},"inLanguage":"de","potentialAction":[{"@type":"ReadAction","target":["https:\/\/theluckycapone.com\/de\/app\/"]}]},{"@type":"BreadcrumbList","@id":"https:\/\/theluckycapone.com\/de\/app\/#breadcrumb","itemListElement":[{"@type":"ListItem","position":1,"name":"Luckycapone","item":"https:\/\/theluckycapone.com\/de\/"},{"@type":"ListItem","position":2,"name":"App"}]},{"@type":"WebSite","@id":"https:\/\/theluckycapone.com\/de\/#website","url":"https:\/\/theluckycapone.com\/de\/","name":"Luckycapone","description":"","publisher":{"@id":"https:\/\/theluckycapone.com\/de\/#organization"},"potentialAction":[{"@type":"SearchAction","target":{"@type":"EntryPoint","urlTemplate":"https:\/\/theluckycapone.com\/de\/?s={search_term_string}"},"query-input":{"@type":"PropertyValueSpecification","valueRequired":true,"valueName":"search_term_string"}}],"inLanguage":"de"},{"@type":"Organization","@id":"https:\/\/theluckycapone.com\/de\/#organization","name":"Luckycapone","url":"https:\/\/theluckycapone.com\/de\/","logo":{"@type":"ImageObject","inLanguage":"de","@id":"https:\/\/theluckycapone.com\/de\/#\/schema\/logo\/image\/","url":"https:\/\/theluckycapone.com\/wp-content\/uploads\/2025\/12\/logo-luckycapone.svg","contentUrl":"https:\/\/theluckycapone.com\/wp-content\/uploads\/2025\/12\/logo-luckycapone.svg","width":70,"height":24,"caption":"Luckycapone"},"image":{"@id":"https:\/\/theluckycapone.com\/de\/#\/schema\/logo\/image\/"}}]}},"_links":{"self":[{"href":"https:\/\/theluckycapone.com\/de\/wp-json\/wp\/v2\/pages\/1425","targetHints":{"allow":["GET"]}}],"collection":[{"href":"https:\/\/theluckycapone.com\/de\/wp-json\/wp\/v2\/pages"}],"about":[{"href":"https:\/\/theluckycapone.com\/de\/wp-json\/wp\/v2\/types\/page"}],"author":[{"embeddable":true,"href":"https:\/\/theluckycapone.com\/de\/wp-json\/wp\/v2\/users\/1"}],"replies":[{"embeddable":true,"href":"https:\/\/theluckycapone.com\/de\/wp-json\/wp\/v2\/comments?post=1425"}],"version-history":[{"count":2,"href":"https:\/\/theluckycapone.com\/de\/wp-json\/wp\/v2\/pages\/1425\/revisions"}],"predecessor-version":[{"id":1614,"href":"https:\/\/theluckycapone.com\/de\/wp-json\/wp\/v2\/pages\/1425\/revisions\/1614"}],"wp:attachment":[{"href":"https:\/\/theluckycapone.com\/de\/wp-json\/wp\/v2\/media?parent=1425"}],"curies":[{"name":"wp","href":"https:\/\/api.w.org\/{rel}","templated":true}]}}